{"id":33999,"date":"2025-06-30T13:28:16","date_gmt":"2025-06-30T05:28:16","guid":{"rendered":"http:\/\/45.63.70.205\/?post_type=product&#038;p=33999"},"modified":"2025-06-30T13:37:12","modified_gmt":"2025-06-30T05:37:12","slug":"pink-swivel-pen-holder-with-multi-compartment-perfect-for-kids-and-school-use","status":"publish","type":"product","link":"http:\/\/shinyyoustationery.com\/fr\/pink-swivel-pen-holder-with-multi-compartment-perfect-for-kids-and-school-use\/","title":{"rendered":"Porte-stylos pivotant rose \u00e0 compartiments multiples - Parfait pour les enfants et l'\u00e9cole"},"content":{"rendered":"","protected":false},"excerpt":{"rendered":"<p>Ce porte-stylos pivotant rose vif pr\u00e9sente un design unique \u00e0 plusieurs compartiments, ce qui le rend id\u00e9al pour une utilisation \u00e0 la maison ou \u00e0 l'\u00e9cole. Sa base rotative permet d'acc\u00e9der facilement aux stylos, crayons et autres articles de papeterie, ce qui permet d'organiser le bureau. La couleur rose vif ajoute une touche amusante et ludique \u00e0 tout espace d'\u00e9tude ou salle de classe, ce qui est parfait pour les enfants et les \u00e9tudiants.<\/p>","protected":false},"featured_media":34001,"template":"","meta":[],"product_brand":[],"product_cat":[428,700],"product_tag":[],"class_list":{"0":"post-33999","1":"product","2":"type-product","3":"status-publish","4":"has-post-thumbnail","6":"product_cat-pen-holder","7":"product_cat-hot-pink-power-girl-collection","9":"first","10":"instock","11":"shipping-taxable","12":"product-type-simple"},"_links":{"self":[{"href":"http:\/\/shinyyoustationery.com\/fr\/wp-json\/wp\/v2\/product\/33999","targetHints":{"allow":["GET"]}}],"collection":[{"href":"http:\/\/shinyyoustationery.com\/fr\/wp-json\/wp\/v2\/product"}],"about":[{"href":"http:\/\/shinyyoustationery.com\/fr\/wp-json\/wp\/v2\/types\/product"}],"version-history":[{"count":0,"href":"http:\/\/shinyyoustationery.com\/fr\/wp-json\/wp\/v2\/product\/33999\/revisions"}],"wp:featuredmedia":[{"embeddable":true,"href":"http:\/\/shinyyoustationery.com\/fr\/wp-json\/wp\/v2\/media\/34001"}],"wp:attachment":[{"href":"http:\/\/shinyyoustationery.com\/fr\/wp-json\/wp\/v2\/media?parent=33999"}],"wp:term":[{"taxonomy":"product_brand","embeddable":true,"href":"http:\/\/shinyyoustationery.com\/fr\/wp-json\/wp\/v2\/product_brand?post=33999"},{"taxonomy":"product_cat","embeddable":true,"href":"http:\/\/shinyyoustationery.com\/fr\/wp-json\/wp\/v2\/product_cat?post=33999"},{"taxonomy":"product_tag","embeddable":true,"href":"http:\/\/shinyyoustationery.com\/fr\/wp-json\/wp\/v2\/product_tag?post=33999"}],"curies":[{"name":"wp","href":"https:\/\/api.w.org\/{rel}","templated":true}]}}