{"id":34007,"date":"2025-06-30T13:36:25","date_gmt":"2025-06-30T05:36:25","guid":{"rendered":"http:\/\/45.63.70.205\/?post_type=product&#038;p=34007"},"modified":"2025-06-30T13:36:25","modified_gmt":"2025-06-30T05:36:25","slug":"bright-pink-round-push-pins-ideal-for-home-office-classroom","status":"publish","type":"product","link":"http:\/\/shinyyoustationery.com\/fr\/bright-pink-round-push-pins-ideal-for-home-office-classroom\/","title":{"rendered":"Punaises rondes rose vif - id\u00e9ales pour la maison, le bureau et la salle de classe"},"content":{"rendered":"","protected":false},"excerpt":{"rendered":"<p>Ces <strong data-start=\"115\" data-end=\"146\">Poussoirs ronds rose vif<\/strong> sont parfaits pour \u00e9pingler des notes, des photos ou des rappels sur les tableaux d'affichage et les tableaux en li\u00e8ge. La couleur rose vif ajoute une touche amusante et accrocheuse \u00e0 votre espace de travail ou \u00e0 votre salle de classe. Que ce soit pour le bureau, l'organisation de la maison ou les projets scolaires, ces punaises sont \u00e0 la fois durables et \u00e9l\u00e9gantes, garantissant que vos documents importants restent bien en place. Un must pour tous ceux qui cherchent \u00e0 ajouter une petite touche de couleur \u00e0 leurs fournitures d'organisation !<\/p>","protected":false},"featured_media":34008,"template":"","meta":[],"product_brand":[],"product_cat":[697,700],"product_tag":[],"class_list":{"0":"post-34007","1":"product","2":"type-product","3":"status-publish","4":"has-post-thumbnail","6":"product_cat-push-pins","7":"product_cat-hot-pink-power-girl-collection","9":"first","10":"instock","11":"shipping-taxable","12":"product-type-simple"},"_links":{"self":[{"href":"http:\/\/shinyyoustationery.com\/fr\/wp-json\/wp\/v2\/product\/34007","targetHints":{"allow":["GET"]}}],"collection":[{"href":"http:\/\/shinyyoustationery.com\/fr\/wp-json\/wp\/v2\/product"}],"about":[{"href":"http:\/\/shinyyoustationery.com\/fr\/wp-json\/wp\/v2\/types\/product"}],"version-history":[{"count":0,"href":"http:\/\/shinyyoustationery.com\/fr\/wp-json\/wp\/v2\/product\/34007\/revisions"}],"wp:featuredmedia":[{"embeddable":true,"href":"http:\/\/shinyyoustationery.com\/fr\/wp-json\/wp\/v2\/media\/34008"}],"wp:attachment":[{"href":"http:\/\/shinyyoustationery.com\/fr\/wp-json\/wp\/v2\/media?parent=34007"}],"wp:term":[{"taxonomy":"product_brand","embeddable":true,"href":"http:\/\/shinyyoustationery.com\/fr\/wp-json\/wp\/v2\/product_brand?post=34007"},{"taxonomy":"product_cat","embeddable":true,"href":"http:\/\/shinyyoustationery.com\/fr\/wp-json\/wp\/v2\/product_cat?post=34007"},{"taxonomy":"product_tag","embeddable":true,"href":"http:\/\/shinyyoustationery.com\/fr\/wp-json\/wp\/v2\/product_tag?post=34007"}],"curies":[{"name":"wp","href":"https:\/\/api.w.org\/{rel}","templated":true}]}}