{"id":34025,"date":"2025-06-30T14:06:04","date_gmt":"2025-06-30T06:06:04","guid":{"rendered":"http:\/\/45.63.70.205\/?post_type=product&#038;p=34025"},"modified":"2025-08-13T05:29:54","modified_gmt":"2025-08-13T13:29:54","slug":"bright-pink-heart-shaped-magnetic-whiteboard-fun-and-practical-for-home-office-or-school","status":"publish","type":"product","link":"http:\/\/shinyyoustationery.com\/fr\/bright-pink-heart-shaped-magnetic-whiteboard-fun-and-practical-for-home-office-or-school\/","title":{"rendered":"Tableau blanc magn\u00e9tique rose vif en forme de c\u0153ur - amusant et pratique pour la maison, le bureau ou l'\u00e9cole"},"content":{"rendered":"","protected":false},"excerpt":{"rendered":"<p>Le pr\u00e9sent <strong data-start=\"135\" data-end=\"183\">Tableau blanc magn\u00e9tique en forme de coeur rose vif<\/strong> est un m\u00e9lange parfait de fonctionnalit\u00e9 et de style. Id\u00e9al pour noter des rappels, des notes ou des listes de choses \u00e0 faire, il ajoute une touche ludique \u00e0 l'espace de travail ou \u00e0 la maison. Le design en forme de c\u0153ur est \u00e0 la fois mignon et unique, ce qui en fait un compl\u00e9ment id\u00e9al pour la chambre d'une fille, le bureau de l'\u00e9cole ou le bureau. Dot\u00e9 d'une surface magn\u00e9tique, il est parfait pour fixer des notes importantes, des photos ou des rappels \u00e0 l'aide d'aimants. Id\u00e9al pour les \u00e9tudiants, les enseignants et tous ceux qui aiment ajouter une touche de fun \u00e0 leurs outils d'organisation !<\/p>","protected":false},"featured_media":34026,"template":"","meta":[],"product_brand":[],"product_cat":[454,698,700],"product_tag":[],"class_list":{"0":"post-34025","1":"product","2":"type-product","3":"status-publish","4":"has-post-thumbnail","6":"product_cat-whiteboard","7":"product_cat-magnets","8":"product_cat-hot-pink-power-girl-collection","10":"first","11":"instock","12":"shipping-taxable","13":"product-type-simple"},"_links":{"self":[{"href":"http:\/\/shinyyoustationery.com\/fr\/wp-json\/wp\/v2\/product\/34025","targetHints":{"allow":["GET"]}}],"collection":[{"href":"http:\/\/shinyyoustationery.com\/fr\/wp-json\/wp\/v2\/product"}],"about":[{"href":"http:\/\/shinyyoustationery.com\/fr\/wp-json\/wp\/v2\/types\/product"}],"version-history":[{"count":0,"href":"http:\/\/shinyyoustationery.com\/fr\/wp-json\/wp\/v2\/product\/34025\/revisions"}],"wp:featuredmedia":[{"embeddable":true,"href":"http:\/\/shinyyoustationery.com\/fr\/wp-json\/wp\/v2\/media\/34026"}],"wp:attachment":[{"href":"http:\/\/shinyyoustationery.com\/fr\/wp-json\/wp\/v2\/media?parent=34025"}],"wp:term":[{"taxonomy":"product_brand","embeddable":true,"href":"http:\/\/shinyyoustationery.com\/fr\/wp-json\/wp\/v2\/product_brand?post=34025"},{"taxonomy":"product_cat","embeddable":true,"href":"http:\/\/shinyyoustationery.com\/fr\/wp-json\/wp\/v2\/product_cat?post=34025"},{"taxonomy":"product_tag","embeddable":true,"href":"http:\/\/shinyyoustationery.com\/fr\/wp-json\/wp\/v2\/product_tag?post=34025"}],"curies":[{"name":"wp","href":"https:\/\/api.w.org\/{rel}","templated":true}]}}