{"id":34050,"date":"2025-06-30T14:53:22","date_gmt":"2025-06-30T06:53:22","guid":{"rendered":"http:\/\/45.63.70.205\/?post_type=product&#038;p=34050"},"modified":"2025-07-07T15:32:50","modified_gmt":"2025-07-07T07:32:50","slug":"blue-monster-drawstring-bag-fun-and-practical-for-kids-sports-and-school","status":"publish","type":"product","link":"http:\/\/shinyyoustationery.com\/fr\/blue-monster-drawstring-bag-fun-and-practical-for-kids-sports-and-school\/","title":{"rendered":"Sac \u00e0 cordon Monstre Bleu - Amusant et pratique pour les enfants, le sport et l'\u00e9cole"},"content":{"rendered":"","protected":false},"excerpt":{"rendered":"<p>Le pr\u00e9sent <strong data-start=\"119\" data-end=\"150\">Sac \u00e0 cordon Monstre bleu<\/strong> est un accessoire amusant et fonctionnel pour les enfants, parfait pour l'\u00e9cole, le sport ou les sorties d\u00e9contract\u00e9es. Dot\u00e9 d'un motif ludique en forme de visage de monstre, ce sac est fabriqu\u00e9 dans un tissu durable et offre beaucoup d'espace pour transporter des livres, des v\u00eatements ou des affaires de sport. Le cordon de serrage facile \u00e0 utiliser garantit un acc\u00e8s rapide et un rangement s\u00e9curis\u00e9. Id\u00e9al pour les jeunes aventuriers ou tous ceux qui aiment les accessoires excentriques et color\u00e9s !<\/p>","protected":false},"featured_media":34055,"template":"","meta":[],"product_brand":[],"product_cat":[705,404,535,701],"product_tag":[],"class_list":{"0":"post-34050","1":"product","2":"type-product","3":"status-publish","4":"has-post-thumbnail","6":"product_cat-tote-bag","7":"product_cat-bags-cases","8":"product_cat-storage-bag","9":"product_cat-pixel-chomp-collection","11":"first","12":"instock","13":"shipping-taxable","14":"product-type-simple"},"_links":{"self":[{"href":"http:\/\/shinyyoustationery.com\/fr\/wp-json\/wp\/v2\/product\/34050","targetHints":{"allow":["GET"]}}],"collection":[{"href":"http:\/\/shinyyoustationery.com\/fr\/wp-json\/wp\/v2\/product"}],"about":[{"href":"http:\/\/shinyyoustationery.com\/fr\/wp-json\/wp\/v2\/types\/product"}],"version-history":[{"count":0,"href":"http:\/\/shinyyoustationery.com\/fr\/wp-json\/wp\/v2\/product\/34050\/revisions"}],"wp:featuredmedia":[{"embeddable":true,"href":"http:\/\/shinyyoustationery.com\/fr\/wp-json\/wp\/v2\/media\/34055"}],"wp:attachment":[{"href":"http:\/\/shinyyoustationery.com\/fr\/wp-json\/wp\/v2\/media?parent=34050"}],"wp:term":[{"taxonomy":"product_brand","embeddable":true,"href":"http:\/\/shinyyoustationery.com\/fr\/wp-json\/wp\/v2\/product_brand?post=34050"},{"taxonomy":"product_cat","embeddable":true,"href":"http:\/\/shinyyoustationery.com\/fr\/wp-json\/wp\/v2\/product_cat?post=34050"},{"taxonomy":"product_tag","embeddable":true,"href":"http:\/\/shinyyoustationery.com\/fr\/wp-json\/wp\/v2\/product_tag?post=34050"}],"curies":[{"name":"wp","href":"https:\/\/api.w.org\/{rel}","templated":true}]}}