{"id":34087,"date":"2025-06-30T15:51:30","date_gmt":"2025-06-30T07:51:30","guid":{"rendered":"http:\/\/45.63.70.205\/?post_type=product&#038;p=34087"},"modified":"2025-07-07T15:23:41","modified_gmt":"2025-07-07T07:23:41","slug":"green-monster-coin-purse-with-key-ring-fun-and-functional-for-kids-teens-and-accessories","status":"publish","type":"product","link":"http:\/\/shinyyoustationery.com\/fr\/green-monster-coin-purse-with-key-ring-fun-and-functional-for-kids-teens-and-accessories\/","title":{"rendered":"Porte-monnaie monstre vert avec porte-cl\u00e9s - amusant et fonctionnel pour les enfants, les adolescents et les accessoires"},"content":{"rendered":"","protected":false},"excerpt":{"rendered":"<p>Le pr\u00e9sent <strong data-start=\"135\" data-end=\"163\">Porte-monnaie Monstre vert<\/strong> avec porte-cl\u00e9s est un accessoire ludique et pratique pour les enfants et les adolescents. Con\u00e7u sous la forme d'un adorable monstre vert aux grands yeux et au large sourire, ce porte-monnaie est parfait pour contenir des pi\u00e8ces, de la petite monnaie ou m\u00eame de petits objets tels que des cl\u00e9s. L'anneau porte-cl\u00e9s vous permet de l'attacher facilement \u00e0 votre sac \u00e0 dos, \u00e0 vos cl\u00e9s ou \u00e0 votre sac pour un acc\u00e8s pratique. Un cadeau amusant et original ou un accessoire indispensable pour tous ceux qui aiment les objets uniques et color\u00e9s !<\/p>","protected":false},"featured_media":34089,"template":"","meta":[],"product_brand":[],"product_cat":[716,659,701,404,477],"product_tag":[],"class_list":{"0":"post-34087","1":"product","2":"type-product","3":"status-publish","4":"has-post-thumbnail","6":"product_cat-coin-purse","7":"product_cat-keychain","8":"product_cat-pixel-chomp-collection","9":"product_cat-bags-cases","10":"product_cat-school-bags","12":"first","13":"instock","14":"shipping-taxable","15":"product-type-simple"},"_links":{"self":[{"href":"http:\/\/shinyyoustationery.com\/fr\/wp-json\/wp\/v2\/product\/34087","targetHints":{"allow":["GET"]}}],"collection":[{"href":"http:\/\/shinyyoustationery.com\/fr\/wp-json\/wp\/v2\/product"}],"about":[{"href":"http:\/\/shinyyoustationery.com\/fr\/wp-json\/wp\/v2\/types\/product"}],"version-history":[{"count":0,"href":"http:\/\/shinyyoustationery.com\/fr\/wp-json\/wp\/v2\/product\/34087\/revisions"}],"wp:featuredmedia":[{"embeddable":true,"href":"http:\/\/shinyyoustationery.com\/fr\/wp-json\/wp\/v2\/media\/34089"}],"wp:attachment":[{"href":"http:\/\/shinyyoustationery.com\/fr\/wp-json\/wp\/v2\/media?parent=34087"}],"wp:term":[{"taxonomy":"product_brand","embeddable":true,"href":"http:\/\/shinyyoustationery.com\/fr\/wp-json\/wp\/v2\/product_brand?post=34087"},{"taxonomy":"product_cat","embeddable":true,"href":"http:\/\/shinyyoustationery.com\/fr\/wp-json\/wp\/v2\/product_cat?post=34087"},{"taxonomy":"product_tag","embeddable":true,"href":"http:\/\/shinyyoustationery.com\/fr\/wp-json\/wp\/v2\/product_tag?post=34087"}],"curies":[{"name":"wp","href":"https:\/\/api.w.org\/{rel}","templated":true}]}}