{"id":34099,"date":"2025-06-30T16:05:19","date_gmt":"2025-06-30T08:05:19","guid":{"rendered":"http:\/\/45.63.70.205\/?post_type=product&#038;p=34099"},"modified":"2025-07-02T19:44:23","modified_gmt":"2025-07-02T11:44:23","slug":"pixel-chomp-highlighter-set-bright-neon-colors-for-school-office-and-study","status":"publish","type":"product","link":"http:\/\/shinyyoustationery.com\/fr\/pixel-chomp-highlighter-set-bright-neon-colors-for-school-office-and-study\/","title":{"rendered":"Pixel &amp; Chomp Jeu de surligneurs - Couleurs n\u00e9on vives pour l'\u00e9cole, le bureau et l'\u00e9tude"},"content":{"rendered":"","protected":false},"excerpt":{"rendered":"<p>Le pr\u00e9sent <strong data-start=\"123\" data-end=\"156\">Pixel &amp; Chomp Set de surligneurs<\/strong> comprend quatre couleurs n\u00e9on vibrantes - jaune, vert, orange et rose - parfaites pour les \u00e9tudiants, les employ\u00e9s de bureau et les esprits cr\u00e9atifs. Avec leur design amusant de monstre pixelis\u00e9, ces surligneurs apportent \u00e0 la fois praticit\u00e9 et personnalit\u00e9 \u00e0 vos notes, devoirs et documents. Leurs couleurs vives font ressortir les points importants, ce qui les rend id\u00e9aux pour l'\u00e9cole, les \u00e9tudes ou l'organisation des documents de travail. Parfait pour tous ceux qui cherchent \u00e0 ajouter de la couleur \u00e0 leurs t\u00e2ches quotidiennes !<\/p>","protected":false},"featured_media":34097,"template":"","meta":[],"product_brand":[],"product_cat":[418,415,701],"product_tag":[],"class_list":{"0":"post-34099","1":"product","2":"type-product","3":"status-publish","4":"has-post-thumbnail","6":"product_cat-highlighter","7":"product_cat-pen","8":"product_cat-pixel-chomp-collection","10":"first","11":"instock","12":"shipping-taxable","13":"product-type-simple"},"_links":{"self":[{"href":"http:\/\/shinyyoustationery.com\/fr\/wp-json\/wp\/v2\/product\/34099","targetHints":{"allow":["GET"]}}],"collection":[{"href":"http:\/\/shinyyoustationery.com\/fr\/wp-json\/wp\/v2\/product"}],"about":[{"href":"http:\/\/shinyyoustationery.com\/fr\/wp-json\/wp\/v2\/types\/product"}],"version-history":[{"count":0,"href":"http:\/\/shinyyoustationery.com\/fr\/wp-json\/wp\/v2\/product\/34099\/revisions"}],"wp:featuredmedia":[{"embeddable":true,"href":"http:\/\/shinyyoustationery.com\/fr\/wp-json\/wp\/v2\/media\/34097"}],"wp:attachment":[{"href":"http:\/\/shinyyoustationery.com\/fr\/wp-json\/wp\/v2\/media?parent=34099"}],"wp:term":[{"taxonomy":"product_brand","embeddable":true,"href":"http:\/\/shinyyoustationery.com\/fr\/wp-json\/wp\/v2\/product_brand?post=34099"},{"taxonomy":"product_cat","embeddable":true,"href":"http:\/\/shinyyoustationery.com\/fr\/wp-json\/wp\/v2\/product_cat?post=34099"},{"taxonomy":"product_tag","embeddable":true,"href":"http:\/\/shinyyoustationery.com\/fr\/wp-json\/wp\/v2\/product_tag?post=34099"}],"curies":[{"name":"wp","href":"https:\/\/api.w.org\/{rel}","templated":true}]}}