{"id":34102,"date":"2025-06-30T16:43:06","date_gmt":"2025-06-30T08:43:06","guid":{"rendered":"http:\/\/45.63.70.205\/?post_type=product&#038;p=34102"},"modified":"2025-06-30T16:43:06","modified_gmt":"2025-06-30T08:43:06","slug":"pixel-chomp-stationery-set-bright-and-fun-for-school-office-and-kids","status":"publish","type":"product","link":"http:\/\/shinyyoustationery.com\/fr\/pixel-chomp-stationery-set-bright-and-fun-for-school-office-and-kids\/","title":{"rendered":"Pixel &amp; Chomp Set de papeterie - lumineux et amusant pour l'\u00e9cole, le bureau et les enfants"},"content":{"rendered":"","protected":false},"excerpt":{"rendered":"<p>Le pr\u00e9sent <strong data-start=\"117\" data-end=\"149\">Pixel &amp; Chomp Set de papeterie<\/strong> comprend quatre essentiels color\u00e9s - stylos et surligneurs bleus, verts, jaunes et transparents. Parfait pour les \u00e9tudiants, les enfants et les employ\u00e9s de bureau, ce set apporte \u00e0 la fois style et fonctionnalit\u00e9 \u00e0 vos t\u00e2ches quotidiennes. L'aspect ludique <strong data-start=\"368\" data-end=\"385\">Pixel &amp; Chomp<\/strong> Le design de ce set rend l'\u00e9tude, le travail et l'organisation plus agr\u00e9ables. Id\u00e9al pour l'\u00e9cole, la maison ou le bureau, ce set vibrant ajoute une touche de couleur amusante \u00e0 votre collection de papeterie !<\/p>","protected":false},"featured_media":34103,"template":"","meta":[],"product_brand":[],"product_cat":[331,701],"product_tag":[],"class_list":{"0":"post-34102","1":"product","2":"type-product","3":"status-publish","4":"has-post-thumbnail","6":"product_cat-stationery-set","7":"product_cat-pixel-chomp-collection","9":"first","10":"instock","11":"shipping-taxable","12":"product-type-simple"},"_links":{"self":[{"href":"http:\/\/shinyyoustationery.com\/fr\/wp-json\/wp\/v2\/product\/34102","targetHints":{"allow":["GET"]}}],"collection":[{"href":"http:\/\/shinyyoustationery.com\/fr\/wp-json\/wp\/v2\/product"}],"about":[{"href":"http:\/\/shinyyoustationery.com\/fr\/wp-json\/wp\/v2\/types\/product"}],"version-history":[{"count":0,"href":"http:\/\/shinyyoustationery.com\/fr\/wp-json\/wp\/v2\/product\/34102\/revisions"}],"wp:featuredmedia":[{"embeddable":true,"href":"http:\/\/shinyyoustationery.com\/fr\/wp-json\/wp\/v2\/media\/34103"}],"wp:attachment":[{"href":"http:\/\/shinyyoustationery.com\/fr\/wp-json\/wp\/v2\/media?parent=34102"}],"wp:term":[{"taxonomy":"product_brand","embeddable":true,"href":"http:\/\/shinyyoustationery.com\/fr\/wp-json\/wp\/v2\/product_brand?post=34102"},{"taxonomy":"product_cat","embeddable":true,"href":"http:\/\/shinyyoustationery.com\/fr\/wp-json\/wp\/v2\/product_cat?post=34102"},{"taxonomy":"product_tag","embeddable":true,"href":"http:\/\/shinyyoustationery.com\/fr\/wp-json\/wp\/v2\/product_tag?post=34102"}],"curies":[{"name":"wp","href":"https:\/\/api.w.org\/{rel}","templated":true}]}}