{"id":34108,"date":"2025-06-30T16:45:32","date_gmt":"2025-06-30T08:45:32","guid":{"rendered":"http:\/\/45.63.70.205\/?post_type=product&#038;p=34108"},"modified":"2025-06-30T16:46:33","modified_gmt":"2025-06-30T08:46:33","slug":"pixel-chomp-colorful-sticky-notes-fun-and-bright-for-school-office-and-kids","status":"publish","type":"product","link":"http:\/\/shinyyoustationery.com\/fr\/pixel-chomp-colorful-sticky-notes-fun-and-bright-for-school-office-and-kids\/","title":{"rendered":"Pixel &amp; Chomp Notes autocollantes color\u00e9es - amusantes et lumineuses pour l'\u00e9cole, le bureau et les enfants"},"content":{"rendered":"","protected":false},"excerpt":{"rendered":"<p>Le pr\u00e9sent <strong data-start=\"124\" data-end=\"163\">Notes autocollantes color\u00e9es Pixel &amp; Chomp<\/strong> Le set comprend une vari\u00e9t\u00e9 de couleurs vives et audacieuses, dont le jaune, le vert, le rose et l'orange. Id\u00e9ales pour l'\u00e9cole, le bureau ou un usage personnel, ces notes autocollantes sont parfaites pour noter des rappels, des notes ou des id\u00e9es. Avec leur design amusant Pixel &amp; Chomp, ils ajoutent une touche ludique \u00e0 tout espace de travail ou d'\u00e9tude. Un must pour les \u00e9tudiants, les enseignants, les professionnels et tous ceux qui aiment ajouter de la couleur \u00e0 leur organisation !<\/p>","protected":false},"featured_media":34110,"template":"","meta":[],"product_brand":[],"product_cat":[385,701],"product_tag":[],"class_list":{"0":"post-34108","1":"product","2":"type-product","3":"status-publish","4":"has-post-thumbnail","6":"product_cat-sticky-note","7":"product_cat-pixel-chomp-collection","9":"first","10":"instock","11":"shipping-taxable","12":"product-type-simple"},"_links":{"self":[{"href":"http:\/\/shinyyoustationery.com\/fr\/wp-json\/wp\/v2\/product\/34108","targetHints":{"allow":["GET"]}}],"collection":[{"href":"http:\/\/shinyyoustationery.com\/fr\/wp-json\/wp\/v2\/product"}],"about":[{"href":"http:\/\/shinyyoustationery.com\/fr\/wp-json\/wp\/v2\/types\/product"}],"version-history":[{"count":0,"href":"http:\/\/shinyyoustationery.com\/fr\/wp-json\/wp\/v2\/product\/34108\/revisions"}],"wp:featuredmedia":[{"embeddable":true,"href":"http:\/\/shinyyoustationery.com\/fr\/wp-json\/wp\/v2\/media\/34110"}],"wp:attachment":[{"href":"http:\/\/shinyyoustationery.com\/fr\/wp-json\/wp\/v2\/media?parent=34108"}],"wp:term":[{"taxonomy":"product_brand","embeddable":true,"href":"http:\/\/shinyyoustationery.com\/fr\/wp-json\/wp\/v2\/product_brand?post=34108"},{"taxonomy":"product_cat","embeddable":true,"href":"http:\/\/shinyyoustationery.com\/fr\/wp-json\/wp\/v2\/product_cat?post=34108"},{"taxonomy":"product_tag","embeddable":true,"href":"http:\/\/shinyyoustationery.com\/fr\/wp-json\/wp\/v2\/product_tag?post=34108"}],"curies":[{"name":"wp","href":"https:\/\/api.w.org\/{rel}","templated":true}]}}