{"id":34115,"date":"2025-06-30T17:12:08","date_gmt":"2025-06-30T09:12:08","guid":{"rendered":"http:\/\/45.63.70.205\/?post_type=product&#038;p=34115"},"modified":"2025-06-30T17:12:09","modified_gmt":"2025-06-30T09:12:09","slug":"colorful-monster-themed-notebook-labels-fun-and-vibrant-labels-for-kids-school-supplies","status":"publish","type":"product","link":"http:\/\/shinyyoustationery.com\/fr\/colorful-monster-themed-notebook-labels-fun-and-vibrant-labels-for-kids-school-supplies\/","title":{"rendered":"\u00c9tiquettes de cahier color\u00e9es sur le th\u00e8me des monstres - \u00c9tiquettes amusantes et vibrantes pour les fournitures scolaires des enfants"},"content":{"rendered":"","protected":false},"excerpt":{"rendered":"<p>Ajoutez une touche ludique \u00e0 vos fournitures scolaires avec ce lot d'\u00e9tiquettes de cahier color\u00e9es sur le th\u00e8me des monstres. Con\u00e7ues pour les enfants, ces \u00e9tiquettes se d\u00e9clinent en rose, jaune et vert vifs et sont orn\u00e9es d'illustrations de monstres mignons et excentriques. Parfaites pour organiser les cahiers, les classeurs ou les livres, ces \u00e9tiquettes permettent de personnaliser facilement les fournitures scolaires tout en les gardant amusantes et uniques. Elles sont id\u00e9ales pour la rentr\u00e9e des classes ou pour compl\u00e9ter de mani\u00e8re cr\u00e9ative la collection d'un jeune \u00e9l\u00e8ve.<\/p>","protected":false},"featured_media":34116,"template":"","meta":[],"product_brand":[],"product_cat":[439,380,701],"product_tag":[],"class_list":{"0":"post-34115","1":"product","2":"type-product","3":"status-publish","4":"has-post-thumbnail","6":"product_cat-label","7":"product_cat-school-stationery","8":"product_cat-pixel-chomp-collection","10":"first","11":"instock","12":"shipping-taxable","13":"product-type-simple"},"_links":{"self":[{"href":"http:\/\/shinyyoustationery.com\/fr\/wp-json\/wp\/v2\/product\/34115","targetHints":{"allow":["GET"]}}],"collection":[{"href":"http:\/\/shinyyoustationery.com\/fr\/wp-json\/wp\/v2\/product"}],"about":[{"href":"http:\/\/shinyyoustationery.com\/fr\/wp-json\/wp\/v2\/types\/product"}],"version-history":[{"count":0,"href":"http:\/\/shinyyoustationery.com\/fr\/wp-json\/wp\/v2\/product\/34115\/revisions"}],"wp:featuredmedia":[{"embeddable":true,"href":"http:\/\/shinyyoustationery.com\/fr\/wp-json\/wp\/v2\/media\/34116"}],"wp:attachment":[{"href":"http:\/\/shinyyoustationery.com\/fr\/wp-json\/wp\/v2\/media?parent=34115"}],"wp:term":[{"taxonomy":"product_brand","embeddable":true,"href":"http:\/\/shinyyoustationery.com\/fr\/wp-json\/wp\/v2\/product_brand?post=34115"},{"taxonomy":"product_cat","embeddable":true,"href":"http:\/\/shinyyoustationery.com\/fr\/wp-json\/wp\/v2\/product_cat?post=34115"},{"taxonomy":"product_tag","embeddable":true,"href":"http:\/\/shinyyoustationery.com\/fr\/wp-json\/wp\/v2\/product_tag?post=34115"}],"curies":[{"name":"wp","href":"https:\/\/api.w.org\/{rel}","templated":true}]}}