{"id":34119,"date":"2025-06-30T17:23:55","date_gmt":"2025-06-30T09:23:55","guid":{"rendered":"http:\/\/45.63.70.205\/?post_type=product&#038;p=34119"},"modified":"2025-06-30T17:23:55","modified_gmt":"2025-06-30T09:23:55","slug":"pixel-chomp-blue-b6-spiral-notebook-fun-and-playful-for-kids-school-and-creative-use","status":"publish","type":"product","link":"http:\/\/shinyyoustationery.com\/fr\/pixel-chomp-blue-b6-spiral-notebook-fun-and-playful-for-kids-school-and-creative-use\/","title":{"rendered":"Pixel &amp; Chomp Blue B6 Spiral Notebook - Fun and Playful for Kids, School, and Creative Use (en anglais)"},"content":{"rendered":"","protected":false},"excerpt":{"rendered":"<p>Le pr\u00e9sent <strong data-start=\"130\" data-end=\"168\">Pixel &amp; Chomp Cahier \u00e0 spirales bleu<\/strong> est parfait pour les enfants, les \u00e9tudiants et les cr\u00e9atifs qui aiment un design ludique et dynamique. Repr\u00e9sentant un monstre pixelis\u00e9 amusant avec des lunettes de soleil, ce carnet est id\u00e9al pour prendre des notes, faire des croquis ou tenir un journal. Sa couverture souple et sa reliure \u00e0 spirale permettent de l'utiliser facilement \u00e0 l'\u00e9cole, \u00e0 la maison ou en d\u00e9placement. Un compl\u00e9ment id\u00e9al \u00e0 tout <strong data-start=\"486\" data-end=\"503\">Pixel &amp; Chomp<\/strong> collection !<\/p>","protected":false},"featured_media":34120,"template":"","meta":[],"product_brand":[],"product_cat":[493,387,701],"product_tag":[],"class_list":{"0":"post-34119","1":"product","2":"type-product","3":"status-publish","4":"has-post-thumbnail","6":"product_cat-spiral-notebook","7":"product_cat-notebooks-journals","8":"product_cat-pixel-chomp-collection","10":"first","11":"instock","12":"shipping-taxable","13":"product-type-simple"},"_links":{"self":[{"href":"http:\/\/shinyyoustationery.com\/fr\/wp-json\/wp\/v2\/product\/34119","targetHints":{"allow":["GET"]}}],"collection":[{"href":"http:\/\/shinyyoustationery.com\/fr\/wp-json\/wp\/v2\/product"}],"about":[{"href":"http:\/\/shinyyoustationery.com\/fr\/wp-json\/wp\/v2\/types\/product"}],"version-history":[{"count":0,"href":"http:\/\/shinyyoustationery.com\/fr\/wp-json\/wp\/v2\/product\/34119\/revisions"}],"wp:featuredmedia":[{"embeddable":true,"href":"http:\/\/shinyyoustationery.com\/fr\/wp-json\/wp\/v2\/media\/34120"}],"wp:attachment":[{"href":"http:\/\/shinyyoustationery.com\/fr\/wp-json\/wp\/v2\/media?parent=34119"}],"wp:term":[{"taxonomy":"product_brand","embeddable":true,"href":"http:\/\/shinyyoustationery.com\/fr\/wp-json\/wp\/v2\/product_brand?post=34119"},{"taxonomy":"product_cat","embeddable":true,"href":"http:\/\/shinyyoustationery.com\/fr\/wp-json\/wp\/v2\/product_cat?post=34119"},{"taxonomy":"product_tag","embeddable":true,"href":"http:\/\/shinyyoustationery.com\/fr\/wp-json\/wp\/v2\/product_tag?post=34119"}],"curies":[{"name":"wp","href":"https:\/\/api.w.org\/{rel}","templated":true}]}}