{"id":34131,"date":"2025-06-30T18:31:46","date_gmt":"2025-06-30T10:31:46","guid":{"rendered":"http:\/\/45.63.70.205\/?post_type=product&#038;p=34131"},"modified":"2025-06-30T18:33:00","modified_gmt":"2025-06-30T10:33:00","slug":"blue-monster-softcover-a5-spiral-notebook-for-kids-and-artists","status":"publish","type":"product","link":"http:\/\/shinyyoustationery.com\/fr\/blue-monster-softcover-a5-spiral-notebook-for-kids-and-artists\/","title":{"rendered":"Cahier \u00e0 spirales A5 \u00e0 couverture souple de Blue Monster pour les enfants et les artistes"},"content":{"rendered":"","protected":false},"excerpt":{"rendered":"<p>Ce carnet \u00e0 spirales A5 bleu vif est orn\u00e9 d'un monstre aux grands yeux et au large sourire, ce qui en fait un choix id\u00e9al pour les enfants, les \u00e9tudiants et tous ceux qui aiment les articles de papeterie fantaisistes. Id\u00e9al pour prendre des notes, faire des croquis ou \u00e9crire de mani\u00e8re cr\u00e9ative, ce carnet \u00e0 couverture souple apporte une touche amusante \u00e0 vos t\u00e2ches quotidiennes !<\/p>","protected":false},"featured_media":34132,"template":"","meta":[],"product_brand":[],"product_cat":[493,387,668,701],"product_tag":[],"class_list":{"0":"post-34131","1":"product","2":"type-product","3":"status-publish","4":"has-post-thumbnail","6":"product_cat-spiral-notebook","7":"product_cat-notebooks-journals","8":"product_cat-softcover-notebook","9":"product_cat-pixel-chomp-collection","11":"first","12":"instock","13":"shipping-taxable","14":"product-type-simple"},"_links":{"self":[{"href":"http:\/\/shinyyoustationery.com\/fr\/wp-json\/wp\/v2\/product\/34131","targetHints":{"allow":["GET"]}}],"collection":[{"href":"http:\/\/shinyyoustationery.com\/fr\/wp-json\/wp\/v2\/product"}],"about":[{"href":"http:\/\/shinyyoustationery.com\/fr\/wp-json\/wp\/v2\/types\/product"}],"version-history":[{"count":0,"href":"http:\/\/shinyyoustationery.com\/fr\/wp-json\/wp\/v2\/product\/34131\/revisions"}],"wp:featuredmedia":[{"embeddable":true,"href":"http:\/\/shinyyoustationery.com\/fr\/wp-json\/wp\/v2\/media\/34132"}],"wp:attachment":[{"href":"http:\/\/shinyyoustationery.com\/fr\/wp-json\/wp\/v2\/media?parent=34131"}],"wp:term":[{"taxonomy":"product_brand","embeddable":true,"href":"http:\/\/shinyyoustationery.com\/fr\/wp-json\/wp\/v2\/product_brand?post=34131"},{"taxonomy":"product_cat","embeddable":true,"href":"http:\/\/shinyyoustationery.com\/fr\/wp-json\/wp\/v2\/product_cat?post=34131"},{"taxonomy":"product_tag","embeddable":true,"href":"http:\/\/shinyyoustationery.com\/fr\/wp-json\/wp\/v2\/product_tag?post=34131"}],"curies":[{"name":"wp","href":"https:\/\/api.w.org\/{rel}","templated":true}]}}