{"id":34135,"date":"2025-06-30T18:38:42","date_gmt":"2025-06-30T10:38:42","guid":{"rendered":"http:\/\/45.63.70.205\/?post_type=product&#038;p=34135"},"modified":"2025-06-30T18:40:49","modified_gmt":"2025-06-30T10:40:49","slug":"green-plush-a5-hardcover-notebook-cute-and-soft-journal-for-kids","status":"publish","type":"product","link":"http:\/\/shinyyoustationery.com\/fr\/green-plush-a5-hardcover-notebook-cute-and-soft-journal-for-kids\/","title":{"rendered":"Cahier \u00e0 couverture rigide A5 en peluche verte - Journal mignon et doux pour les enfants"},"content":{"rendered":"","protected":false},"excerpt":{"rendered":"<p>Cet adorable carnet A5 en peluche \u00e0 couverture rigide pr\u00e9sente un motif amusant inspir\u00e9 des monstres, avec des touches de vert et de bleu vifs, ce qui en fait un choix id\u00e9al pour les enfants, les \u00e9tudiants et tous ceux qui aiment les articles de papeterie ludiques. Doux au toucher et l\u00e9ger, il est id\u00e9al pour griffonner, \u00e9crire ou tenir un journal avec style !<\/p>","protected":false},"featured_media":34137,"template":"","meta":[],"product_brand":[],"product_cat":[387,667,676,701],"product_tag":[],"class_list":{"0":"post-34135","1":"product","2":"type-product","3":"status-publish","4":"has-post-thumbnail","6":"product_cat-notebooks-journals","7":"product_cat-hardcover-notebook","8":"product_cat-plush-notebook","9":"product_cat-pixel-chomp-collection","11":"first","12":"instock","13":"shipping-taxable","14":"product-type-simple"},"_links":{"self":[{"href":"http:\/\/shinyyoustationery.com\/fr\/wp-json\/wp\/v2\/product\/34135","targetHints":{"allow":["GET"]}}],"collection":[{"href":"http:\/\/shinyyoustationery.com\/fr\/wp-json\/wp\/v2\/product"}],"about":[{"href":"http:\/\/shinyyoustationery.com\/fr\/wp-json\/wp\/v2\/types\/product"}],"version-history":[{"count":0,"href":"http:\/\/shinyyoustationery.com\/fr\/wp-json\/wp\/v2\/product\/34135\/revisions"}],"wp:featuredmedia":[{"embeddable":true,"href":"http:\/\/shinyyoustationery.com\/fr\/wp-json\/wp\/v2\/media\/34137"}],"wp:attachment":[{"href":"http:\/\/shinyyoustationery.com\/fr\/wp-json\/wp\/v2\/media?parent=34135"}],"wp:term":[{"taxonomy":"product_brand","embeddable":true,"href":"http:\/\/shinyyoustationery.com\/fr\/wp-json\/wp\/v2\/product_brand?post=34135"},{"taxonomy":"product_cat","embeddable":true,"href":"http:\/\/shinyyoustationery.com\/fr\/wp-json\/wp\/v2\/product_cat?post=34135"},{"taxonomy":"product_tag","embeddable":true,"href":"http:\/\/shinyyoustationery.com\/fr\/wp-json\/wp\/v2\/product_tag?post=34135"}],"curies":[{"name":"wp","href":"https:\/\/api.w.org\/{rel}","templated":true}]}}