{"id":34139,"date":"2025-06-30T18:51:59","date_gmt":"2025-06-30T10:51:59","guid":{"rendered":"http:\/\/45.63.70.205\/?post_type=product&#038;p=34139"},"modified":"2025-06-30T18:51:59","modified_gmt":"2025-06-30T10:51:59","slug":"pixel-chomp-correction-tape-set-fun-and-bright-design-for-school-office","status":"publish","type":"product","link":"http:\/\/shinyyoustationery.com\/fr\/pixel-chomp-correction-tape-set-fun-and-bright-design-for-school-office\/","title":{"rendered":"Jeu de rubans correcteurs Pixel &amp; Chomp - Design amusant et lumineux pour l'\u00e9cole et le bureau"},"content":{"rendered":"","protected":false},"excerpt":{"rendered":"<p>Ce jeu de rubans correcteurs Pixel et Chomp color\u00e9s comporte deux applicateurs faciles \u00e0 utiliser, aux accents verts \u00e9clatants. Il est id\u00e9al pour les \u00e9tudiants, les employ\u00e9s de bureau et tous ceux qui ont besoin d'un moyen amusant et efficace de corriger leurs erreurs. Compact et fiable, il est id\u00e9al pour les retouches rapides sur le papier, garantissant des corrections propres et lisses \u00e0 chaque fois.<\/p>","protected":false},"featured_media":34141,"template":"","meta":[],"product_brand":[],"product_cat":[394,701],"product_tag":[],"class_list":{"0":"post-34139","1":"product","2":"type-product","3":"status-publish","4":"has-post-thumbnail","6":"product_cat-correction-supplies","7":"product_cat-pixel-chomp-collection","9":"first","10":"instock","11":"shipping-taxable","12":"product-type-simple"},"_links":{"self":[{"href":"http:\/\/shinyyoustationery.com\/fr\/wp-json\/wp\/v2\/product\/34139","targetHints":{"allow":["GET"]}}],"collection":[{"href":"http:\/\/shinyyoustationery.com\/fr\/wp-json\/wp\/v2\/product"}],"about":[{"href":"http:\/\/shinyyoustationery.com\/fr\/wp-json\/wp\/v2\/types\/product"}],"version-history":[{"count":0,"href":"http:\/\/shinyyoustationery.com\/fr\/wp-json\/wp\/v2\/product\/34139\/revisions"}],"wp:featuredmedia":[{"embeddable":true,"href":"http:\/\/shinyyoustationery.com\/fr\/wp-json\/wp\/v2\/media\/34141"}],"wp:attachment":[{"href":"http:\/\/shinyyoustationery.com\/fr\/wp-json\/wp\/v2\/media?parent=34139"}],"wp:term":[{"taxonomy":"product_brand","embeddable":true,"href":"http:\/\/shinyyoustationery.com\/fr\/wp-json\/wp\/v2\/product_brand?post=34139"},{"taxonomy":"product_cat","embeddable":true,"href":"http:\/\/shinyyoustationery.com\/fr\/wp-json\/wp\/v2\/product_cat?post=34139"},{"taxonomy":"product_tag","embeddable":true,"href":"http:\/\/shinyyoustationery.com\/fr\/wp-json\/wp\/v2\/product_tag?post=34139"}],"curies":[{"name":"wp","href":"https:\/\/api.w.org\/{rel}","templated":true}]}}