{"id":34173,"date":"2025-06-30T20:06:55","date_gmt":"2025-06-30T12:06:55","guid":{"rendered":"http:\/\/45.63.70.205\/?post_type=product&#038;p=34173"},"modified":"2025-07-08T14:54:25","modified_gmt":"2025-07-08T06:54:25","slug":"vibrant-assorted-paint-brushes-perfect-for-artists-kids-and-craft-enthusiasts","status":"publish","type":"product","link":"http:\/\/shinyyoustationery.com\/fr\/vibrant-assorted-paint-brushes-perfect-for-artists-kids-and-craft-enthusiasts\/","title":{"rendered":"Pinceaux de peinture assortis aux couleurs vives - parfaits pour les artistes, les enfants et les amateurs de bricolage"},"content":{"rendered":"","protected":false},"excerpt":{"rendered":"<p>Lib\u00e9rez votre cr\u00e9ativit\u00e9 avec ce lot de 15 pinceaux assortis de notre collection Arts &amp; Crafts ! Dot\u00e9s de poign\u00e9es aux couleurs vives (rouge, bleu, jaune, vert, etc.), ces pinceaux sont parfaits pour les artistes de tous \u00e2ges. Que vous peigniez \u00e0 la maison, \u00e0 l'\u00e9cole ou lors d'une s\u00e9ance de bricolage, cet ensemble polyvalent est parfait pour une vari\u00e9t\u00e9 de projets. Id\u00e9al pour les d\u00e9butants, les \u00e9tudiants et les artistes chevronn\u00e9s !<\/p>","protected":false},"featured_media":34174,"template":"","meta":[],"product_brand":[],"product_cat":[615,702,474],"product_tag":[],"class_list":{"0":"post-34173","1":"product","2":"type-product","3":"status-publish","4":"has-post-thumbnail","6":"product_cat-paint-brush","7":"product_cat-arts-crafts-collection","8":"product_cat-kids-stationery","10":"first","11":"instock","12":"shipping-taxable","13":"product-type-simple"},"_links":{"self":[{"href":"http:\/\/shinyyoustationery.com\/fr\/wp-json\/wp\/v2\/product\/34173","targetHints":{"allow":["GET"]}}],"collection":[{"href":"http:\/\/shinyyoustationery.com\/fr\/wp-json\/wp\/v2\/product"}],"about":[{"href":"http:\/\/shinyyoustationery.com\/fr\/wp-json\/wp\/v2\/types\/product"}],"version-history":[{"count":0,"href":"http:\/\/shinyyoustationery.com\/fr\/wp-json\/wp\/v2\/product\/34173\/revisions"}],"wp:featuredmedia":[{"embeddable":true,"href":"http:\/\/shinyyoustationery.com\/fr\/wp-json\/wp\/v2\/media\/34174"}],"wp:attachment":[{"href":"http:\/\/shinyyoustationery.com\/fr\/wp-json\/wp\/v2\/media?parent=34173"}],"wp:term":[{"taxonomy":"product_brand","embeddable":true,"href":"http:\/\/shinyyoustationery.com\/fr\/wp-json\/wp\/v2\/product_brand?post=34173"},{"taxonomy":"product_cat","embeddable":true,"href":"http:\/\/shinyyoustationery.com\/fr\/wp-json\/wp\/v2\/product_cat?post=34173"},{"taxonomy":"product_tag","embeddable":true,"href":"http:\/\/shinyyoustationery.com\/fr\/wp-json\/wp\/v2\/product_tag?post=34173"}],"curies":[{"name":"wp","href":"https:\/\/api.w.org\/{rel}","templated":true}]}}