{"id":34180,"date":"2025-06-30T20:25:06","date_gmt":"2025-06-30T12:25:06","guid":{"rendered":"http:\/\/45.63.70.205\/?post_type=product&#038;p=34180"},"modified":"2025-07-08T14:55:24","modified_gmt":"2025-07-08T06:55:24","slug":"vibrant-double-ended-coloring-pencils-perfect-for-kids-and-students","status":"publish","type":"product","link":"http:\/\/shinyyoustationery.com\/fr\/vibrant-double-ended-coloring-pencils-perfect-for-kids-and-students\/","title":{"rendered":"Crayons de couleur vibrants \u00e0 double extr\u00e9mit\u00e9 - parfaits pour les enfants et les \u00e9tudiants"},"content":{"rendered":"","protected":false},"excerpt":{"rendered":"<p>Ajoutez des motifs amusants \u00e0 vos \u0153uvres d'art avec ces 6 stylos roller color\u00e9s de la collection Arts &amp; Crafts. Avec un arc-en-ciel de couleurs d'encre, dont le rouge, l'orange, le jaune, le vert, le bleu et le violet, ces stylos sont parfaits pour les enfants et les \u00e9tudiants. Id\u00e9al pour le scrapbooking, les cartes ou tout autre projet cr\u00e9atif, chaque roller stamper laisse facilement un motif unique. Parfait pour ajouter une touche artistique aux travaux manuels et aux activit\u00e9s scolaires !<\/p>","protected":false},"featured_media":34181,"template":"","meta":[],"product_brand":[],"product_cat":[415,416,474,702],"product_tag":[],"class_list":{"0":"post-34180","1":"product","2":"type-product","3":"status-publish","4":"has-post-thumbnail","6":"product_cat-pen","7":"product_cat-pencil","8":"product_cat-kids-stationery","9":"product_cat-arts-crafts-collection","11":"first","12":"instock","13":"shipping-taxable","14":"product-type-simple"},"_links":{"self":[{"href":"http:\/\/shinyyoustationery.com\/fr\/wp-json\/wp\/v2\/product\/34180","targetHints":{"allow":["GET"]}}],"collection":[{"href":"http:\/\/shinyyoustationery.com\/fr\/wp-json\/wp\/v2\/product"}],"about":[{"href":"http:\/\/shinyyoustationery.com\/fr\/wp-json\/wp\/v2\/types\/product"}],"version-history":[{"count":0,"href":"http:\/\/shinyyoustationery.com\/fr\/wp-json\/wp\/v2\/product\/34180\/revisions"}],"wp:featuredmedia":[{"embeddable":true,"href":"http:\/\/shinyyoustationery.com\/fr\/wp-json\/wp\/v2\/media\/34181"}],"wp:attachment":[{"href":"http:\/\/shinyyoustationery.com\/fr\/wp-json\/wp\/v2\/media?parent=34180"}],"wp:term":[{"taxonomy":"product_brand","embeddable":true,"href":"http:\/\/shinyyoustationery.com\/fr\/wp-json\/wp\/v2\/product_brand?post=34180"},{"taxonomy":"product_cat","embeddable":true,"href":"http:\/\/shinyyoustationery.com\/fr\/wp-json\/wp\/v2\/product_cat?post=34180"},{"taxonomy":"product_tag","embeddable":true,"href":"http:\/\/shinyyoustationery.com\/fr\/wp-json\/wp\/v2\/product_tag?post=34180"}],"curies":[{"name":"wp","href":"https:\/\/api.w.org\/{rel}","templated":true}]}}