{"id":34185,"date":"2025-07-01T10:58:57","date_gmt":"2025-07-01T02:58:57","guid":{"rendered":"http:\/\/45.63.70.205\/?post_type=product&#038;p=34185"},"modified":"2025-07-08T14:55:43","modified_gmt":"2025-07-08T06:55:43","slug":"3-pack-whiteboard-markers-black-blue-and-red-for-kids-classroom-and-home","status":"publish","type":"product","link":"http:\/\/shinyyoustationery.com\/fr\/3-pack-whiteboard-markers-black-blue-and-red-for-kids-classroom-and-home\/","title":{"rendered":"Lot de 3 marqueurs pour tableau blanc - noir, bleu et rouge pour les enfants, la classe et la maison"},"content":{"rendered":"","protected":false},"excerpt":{"rendered":"<p>Ce lot de 3 marqueurs pour tableau blanc comprend des couleurs noire, bleue et rouge, id\u00e9ales pour \u00e9crire, dessiner ou faire du brainstorming. Que vous soyez dans un bureau professionnel, une salle de classe ou que vous am\u00e9nagiez votre espace de travail \u00e0 la maison, ces marqueurs \u00e9clatants offrent une \u00e9criture lisse et propre sur les tableaux blancs et autres surfaces non poreuses. Ils sont parfaits pour les enseignants, les \u00e9tudiants, les professionnels et tous ceux qui ont besoin d'une communication claire et franche.<\/p>","protected":false},"featured_media":34186,"template":"","meta":[],"product_brand":[],"product_cat":[702,415,417,474],"product_tag":[],"class_list":{"0":"post-34185","1":"product","2":"type-product","3":"status-publish","4":"has-post-thumbnail","6":"product_cat-arts-crafts-collection","7":"product_cat-pen","8":"product_cat-marker","9":"product_cat-kids-stationery","11":"first","12":"instock","13":"shipping-taxable","14":"product-type-simple"},"_links":{"self":[{"href":"http:\/\/shinyyoustationery.com\/fr\/wp-json\/wp\/v2\/product\/34185","targetHints":{"allow":["GET"]}}],"collection":[{"href":"http:\/\/shinyyoustationery.com\/fr\/wp-json\/wp\/v2\/product"}],"about":[{"href":"http:\/\/shinyyoustationery.com\/fr\/wp-json\/wp\/v2\/types\/product"}],"version-history":[{"count":0,"href":"http:\/\/shinyyoustationery.com\/fr\/wp-json\/wp\/v2\/product\/34185\/revisions"}],"wp:featuredmedia":[{"embeddable":true,"href":"http:\/\/shinyyoustationery.com\/fr\/wp-json\/wp\/v2\/media\/34186"}],"wp:attachment":[{"href":"http:\/\/shinyyoustationery.com\/fr\/wp-json\/wp\/v2\/media?parent=34185"}],"wp:term":[{"taxonomy":"product_brand","embeddable":true,"href":"http:\/\/shinyyoustationery.com\/fr\/wp-json\/wp\/v2\/product_brand?post=34185"},{"taxonomy":"product_cat","embeddable":true,"href":"http:\/\/shinyyoustationery.com\/fr\/wp-json\/wp\/v2\/product_cat?post=34185"},{"taxonomy":"product_tag","embeddable":true,"href":"http:\/\/shinyyoustationery.com\/fr\/wp-json\/wp\/v2\/product_tag?post=34185"}],"curies":[{"name":"wp","href":"https:\/\/api.w.org\/{rel}","templated":true}]}}