{"id":34193,"date":"2025-07-01T13:18:05","date_gmt":"2025-07-01T05:18:05","guid":{"rendered":"http:\/\/45.63.70.205\/?post_type=product&#038;p=34193"},"modified":"2025-07-02T19:35:38","modified_gmt":"2025-07-02T11:35:38","slug":"green-ballpoint-pens-4-pack-with-black-ink-for-office-school","status":"publish","type":"product","link":"http:\/\/shinyyoustationery.com\/fr\/green-ballpoint-pens-4-pack-with-black-ink-for-office-school\/","title":{"rendered":"Stylos \u00e0 bille verts - Pack de 4 avec encre noire pour le bureau et l'\u00e9cole"},"content":{"rendered":"","protected":false},"excerpt":{"rendered":"<p>Ce lot de 4 stylos \u00e0 bille d'un vert \u00e9clatant est dot\u00e9 d'une encre noire lisse, parfaite pour l'\u00e9criture, la prise de notes ou les t\u00e2ches quotidiennes au bureau ou \u00e0 l'\u00e9cole. Leur design \u00e9l\u00e9gant et leur prise en main confortable en font des stylos id\u00e9aux pour les \u00e9tudiants et les professionnels qui ont besoin de stylos fiables et de qualit\u00e9 pour un usage quotidien.<\/p>","protected":false},"featured_media":34194,"template":"","meta":[],"product_brand":[],"product_cat":[479,415,702],"product_tag":[],"class_list":{"0":"post-34193","1":"product","2":"type-product","3":"status-publish","4":"has-post-thumbnail","6":"product_cat-ballpoint-pen","7":"product_cat-pen","8":"product_cat-arts-crafts-collection","10":"first","11":"instock","12":"shipping-taxable","13":"product-type-simple"},"_links":{"self":[{"href":"http:\/\/shinyyoustationery.com\/fr\/wp-json\/wp\/v2\/product\/34193","targetHints":{"allow":["GET"]}}],"collection":[{"href":"http:\/\/shinyyoustationery.com\/fr\/wp-json\/wp\/v2\/product"}],"about":[{"href":"http:\/\/shinyyoustationery.com\/fr\/wp-json\/wp\/v2\/types\/product"}],"version-history":[{"count":0,"href":"http:\/\/shinyyoustationery.com\/fr\/wp-json\/wp\/v2\/product\/34193\/revisions"}],"wp:featuredmedia":[{"embeddable":true,"href":"http:\/\/shinyyoustationery.com\/fr\/wp-json\/wp\/v2\/media\/34194"}],"wp:attachment":[{"href":"http:\/\/shinyyoustationery.com\/fr\/wp-json\/wp\/v2\/media?parent=34193"}],"wp:term":[{"taxonomy":"product_brand","embeddable":true,"href":"http:\/\/shinyyoustationery.com\/fr\/wp-json\/wp\/v2\/product_brand?post=34193"},{"taxonomy":"product_cat","embeddable":true,"href":"http:\/\/shinyyoustationery.com\/fr\/wp-json\/wp\/v2\/product_cat?post=34193"},{"taxonomy":"product_tag","embeddable":true,"href":"http:\/\/shinyyoustationery.com\/fr\/wp-json\/wp\/v2\/product_tag?post=34193"}],"curies":[{"name":"wp","href":"https:\/\/api.w.org\/{rel}","templated":true}]}}