{"id":34196,"date":"2025-07-01T13:31:01","date_gmt":"2025-07-01T05:31:01","guid":{"rendered":"http:\/\/45.63.70.205\/?post_type=product&#038;p=34196"},"modified":"2025-07-28T21:42:18","modified_gmt":"2025-07-29T05:42:18","slug":"stainless-steel-scissors-set-2-piece-with-red-handles-for-office-school-and-craft","status":"publish","type":"product","link":"http:\/\/shinyyoustationery.com\/fr\/stainless-steel-scissors-set-2-piece-with-red-handles-for-office-school-and-craft\/","title":{"rendered":"Jeu de ciseaux en acier inoxydable - 2 pi\u00e8ces avec poign\u00e9es rouges pour le bureau, l'\u00e9cole et l'artisanat"},"content":{"rendered":"","protected":false},"excerpt":{"rendered":"<p>Ce set de 2 ciseaux en acier inoxydable comprend une paire de 21 cm et une paire de 14 cm, toutes deux dot\u00e9es de poign\u00e9es rouges confortables, parfaites pour les coupes de pr\u00e9cision \u00e0 la maison, au bureau ou pour les projets d'artisanat. Id\u00e9aux pour les \u00e9tudiants, les professionnels et les bricoleurs, ces ciseaux durables offrent un tranchant et une fiabilit\u00e9 \u00e0 toute \u00e9preuve.<\/p>","protected":false},"featured_media":34197,"template":"","meta":[],"product_brand":[],"product_cat":[425,331,397,702],"product_tag":[],"class_list":{"0":"post-34196","1":"product","2":"type-product","3":"status-publish","4":"has-post-thumbnail","6":"product_cat-scissor","7":"product_cat-stationery-set","8":"product_cat-basic-office-stationery","9":"product_cat-arts-crafts-collection","11":"first","12":"instock","13":"shipping-taxable","14":"product-type-simple"},"_links":{"self":[{"href":"http:\/\/shinyyoustationery.com\/fr\/wp-json\/wp\/v2\/product\/34196","targetHints":{"allow":["GET"]}}],"collection":[{"href":"http:\/\/shinyyoustationery.com\/fr\/wp-json\/wp\/v2\/product"}],"about":[{"href":"http:\/\/shinyyoustationery.com\/fr\/wp-json\/wp\/v2\/types\/product"}],"version-history":[{"count":0,"href":"http:\/\/shinyyoustationery.com\/fr\/wp-json\/wp\/v2\/product\/34196\/revisions"}],"wp:featuredmedia":[{"embeddable":true,"href":"http:\/\/shinyyoustationery.com\/fr\/wp-json\/wp\/v2\/media\/34197"}],"wp:attachment":[{"href":"http:\/\/shinyyoustationery.com\/fr\/wp-json\/wp\/v2\/media?parent=34196"}],"wp:term":[{"taxonomy":"product_brand","embeddable":true,"href":"http:\/\/shinyyoustationery.com\/fr\/wp-json\/wp\/v2\/product_brand?post=34196"},{"taxonomy":"product_cat","embeddable":true,"href":"http:\/\/shinyyoustationery.com\/fr\/wp-json\/wp\/v2\/product_cat?post=34196"},{"taxonomy":"product_tag","embeddable":true,"href":"http:\/\/shinyyoustationery.com\/fr\/wp-json\/wp\/v2\/product_tag?post=34196"}],"curies":[{"name":"wp","href":"https:\/\/api.w.org\/{rel}","templated":true}]}}