{"id":34205,"date":"2025-07-01T13:44:23","date_gmt":"2025-07-01T05:44:23","guid":{"rendered":"http:\/\/45.63.70.205\/?post_type=product&#038;p=34205"},"modified":"2025-07-08T20:43:03","modified_gmt":"2025-07-08T12:43:03","slug":"geometric-a5-spiral-notebook-with-triangular-design-trendy-stylish-for-school-office","status":"publish","type":"product","link":"http:\/\/shinyyoustationery.com\/fr\/geometric-a5-spiral-notebook-with-triangular-design-trendy-stylish-for-school-office\/","title":{"rendered":"Cahier \u00e0 spirales g\u00e9om\u00e9trique A5 avec design triangulaire - tendance et \u00e9l\u00e9gant pour l'\u00e9cole et le bureau"},"content":{"rendered":"","protected":false},"excerpt":{"rendered":"<p>Ce carnet \u00e0 spirales A5 est dot\u00e9 d'une couverture souple rouge scintillante. Il est id\u00e9al pour les \u00e9tudiants, les professionnels et tous ceux qui souhaitent ajouter de l'\u00e9clat \u00e0 leurs notes. Le design unique \"OXO\" ajoute une touche ludique, ce qui en fait un choix amusant pour l'\u00e9criture cr\u00e9ative, la tenue d'un journal ou la planification quotidienne. Compact et durable, il est id\u00e9al pour \u00eatre transport\u00e9 dans un sac \u00e0 dos, un sac \u00e0 main ou un sac de travail.<\/p>","protected":false},"featured_media":34207,"template":"","meta":[],"product_brand":[],"product_cat":[493,387],"product_tag":[],"class_list":{"0":"post-34205","1":"product","2":"type-product","3":"status-publish","4":"has-post-thumbnail","6":"product_cat-spiral-notebook","7":"product_cat-notebooks-journals","9":"first","10":"instock","11":"shipping-taxable","12":"product-type-simple"},"_links":{"self":[{"href":"http:\/\/shinyyoustationery.com\/fr\/wp-json\/wp\/v2\/product\/34205","targetHints":{"allow":["GET"]}}],"collection":[{"href":"http:\/\/shinyyoustationery.com\/fr\/wp-json\/wp\/v2\/product"}],"about":[{"href":"http:\/\/shinyyoustationery.com\/fr\/wp-json\/wp\/v2\/types\/product"}],"version-history":[{"count":0,"href":"http:\/\/shinyyoustationery.com\/fr\/wp-json\/wp\/v2\/product\/34205\/revisions"}],"wp:featuredmedia":[{"embeddable":true,"href":"http:\/\/shinyyoustationery.com\/fr\/wp-json\/wp\/v2\/media\/34207"}],"wp:attachment":[{"href":"http:\/\/shinyyoustationery.com\/fr\/wp-json\/wp\/v2\/media?parent=34205"}],"wp:term":[{"taxonomy":"product_brand","embeddable":true,"href":"http:\/\/shinyyoustationery.com\/fr\/wp-json\/wp\/v2\/product_brand?post=34205"},{"taxonomy":"product_cat","embeddable":true,"href":"http:\/\/shinyyoustationery.com\/fr\/wp-json\/wp\/v2\/product_cat?post=34205"},{"taxonomy":"product_tag","embeddable":true,"href":"http:\/\/shinyyoustationery.com\/fr\/wp-json\/wp\/v2\/product_tag?post=34205"}],"curies":[{"name":"wp","href":"https:\/\/api.w.org\/{rel}","templated":true}]}}