{"id":34210,"date":"2025-07-01T13:50:33","date_gmt":"2025-07-01T05:50:33","guid":{"rendered":"http:\/\/45.63.70.205\/?post_type=product&#038;p=34210"},"modified":"2025-07-08T20:42:53","modified_gmt":"2025-07-08T12:42:53","slug":"elegant-rose-gold-glitter-a5-spiral-notebook-perfect-for-school-office","status":"publish","type":"product","link":"http:\/\/shinyyoustationery.com\/fr\/elegant-rose-gold-glitter-a5-spiral-notebook-perfect-for-school-office\/","title":{"rendered":"El\u00e9gant carnet \u00e0 spirales A5 or rose paillet\u00e9 - Parfait pour l'\u00e9cole et le bureauCollection Arts &amp; Crafts"},"content":{"rendered":"","protected":false},"excerpt":{"rendered":"<p>Ce carnet \u00e0 spirales A5 sophistiqu\u00e9 allie style et fonctionnalit\u00e9, avec une couverture or rose scintillante. Avec le mot \"NOTES\" en lettres \u00e9l\u00e9gantes, il est parfait pour les \u00e9tudiants, les professionnels et tous ceux qui aiment la papeterie chic. Id\u00e9al pour la prise de notes, la r\u00e9daction d'un journal ou la planification, ce carnet ajoutera une touche d'\u00e9clat \u00e0 votre routine quotidienne. Durable et \u00e9l\u00e9gant, c'est l'accessoire id\u00e9al pour le travail, l'\u00e9cole ou la maison.<\/p>","protected":false},"featured_media":34212,"template":"","meta":[],"product_brand":[],"product_cat":[493,387],"product_tag":[],"class_list":{"0":"post-34210","1":"product","2":"type-product","3":"status-publish","4":"has-post-thumbnail","6":"product_cat-spiral-notebook","7":"product_cat-notebooks-journals","9":"first","10":"instock","11":"shipping-taxable","12":"product-type-simple"},"_links":{"self":[{"href":"http:\/\/shinyyoustationery.com\/fr\/wp-json\/wp\/v2\/product\/34210","targetHints":{"allow":["GET"]}}],"collection":[{"href":"http:\/\/shinyyoustationery.com\/fr\/wp-json\/wp\/v2\/product"}],"about":[{"href":"http:\/\/shinyyoustationery.com\/fr\/wp-json\/wp\/v2\/types\/product"}],"version-history":[{"count":0,"href":"http:\/\/shinyyoustationery.com\/fr\/wp-json\/wp\/v2\/product\/34210\/revisions"}],"wp:featuredmedia":[{"embeddable":true,"href":"http:\/\/shinyyoustationery.com\/fr\/wp-json\/wp\/v2\/media\/34212"}],"wp:attachment":[{"href":"http:\/\/shinyyoustationery.com\/fr\/wp-json\/wp\/v2\/media?parent=34210"}],"wp:term":[{"taxonomy":"product_brand","embeddable":true,"href":"http:\/\/shinyyoustationery.com\/fr\/wp-json\/wp\/v2\/product_brand?post=34210"},{"taxonomy":"product_cat","embeddable":true,"href":"http:\/\/shinyyoustationery.com\/fr\/wp-json\/wp\/v2\/product_cat?post=34210"},{"taxonomy":"product_tag","embeddable":true,"href":"http:\/\/shinyyoustationery.com\/fr\/wp-json\/wp\/v2\/product_tag?post=34210"}],"curies":[{"name":"wp","href":"https:\/\/api.w.org\/{rel}","templated":true}]}}