{"id":34214,"date":"2025-07-01T14:03:34","date_gmt":"2025-07-01T06:03:34","guid":{"rendered":"http:\/\/45.63.70.205\/?post_type=product&#038;p=34214"},"modified":"2025-07-01T14:03:34","modified_gmt":"2025-07-01T06:03:34","slug":"12-color-slim-whiteboard-marker-set-perfect-for-classrooms-offices","status":"publish","type":"product","link":"http:\/\/shinyyoustationery.com\/fr\/12-color-slim-whiteboard-marker-set-perfect-for-classrooms-offices\/","title":{"rendered":"Set de marqueurs 12 couleurs pour tableau blanc - Parfait pour les salles de classe et les bureaux"},"content":{"rendered":"","protected":false},"excerpt":{"rendered":"<p>Ce lot de 12 marqueurs minces et vibrants pour tableau blanc offre une vari\u00e9t\u00e9 de couleurs, dont le vert, le violet, le bleu, le rose et le jaune. Con\u00e7us pour \u00e9crire et effacer facilement, ils sont parfaits pour les salles de classe, les bureaux ou les espaces d'\u00e9tude \u00e0 domicile. Id\u00e9aux pour les pr\u00e9sentations, le dessin et la prise de notes, ces marqueurs permettent d'obtenir des lignes lisses et r\u00e9guli\u00e8res pour une communication et une cr\u00e9ativit\u00e9 claires. Leur design fin les rend faciles \u00e0 manipuler et \u00e0 ranger.<\/p>","protected":false},"featured_media":34215,"template":"","meta":[],"product_brand":[],"product_cat":[417,702],"product_tag":[],"class_list":{"0":"post-34214","1":"product","2":"type-product","3":"status-publish","4":"has-post-thumbnail","6":"product_cat-marker","7":"product_cat-arts-crafts-collection","9":"first","10":"instock","11":"shipping-taxable","12":"product-type-simple"},"_links":{"self":[{"href":"http:\/\/shinyyoustationery.com\/fr\/wp-json\/wp\/v2\/product\/34214","targetHints":{"allow":["GET"]}}],"collection":[{"href":"http:\/\/shinyyoustationery.com\/fr\/wp-json\/wp\/v2\/product"}],"about":[{"href":"http:\/\/shinyyoustationery.com\/fr\/wp-json\/wp\/v2\/types\/product"}],"version-history":[{"count":0,"href":"http:\/\/shinyyoustationery.com\/fr\/wp-json\/wp\/v2\/product\/34214\/revisions"}],"wp:featuredmedia":[{"embeddable":true,"href":"http:\/\/shinyyoustationery.com\/fr\/wp-json\/wp\/v2\/media\/34215"}],"wp:attachment":[{"href":"http:\/\/shinyyoustationery.com\/fr\/wp-json\/wp\/v2\/media?parent=34214"}],"wp:term":[{"taxonomy":"product_brand","embeddable":true,"href":"http:\/\/shinyyoustationery.com\/fr\/wp-json\/wp\/v2\/product_brand?post=34214"},{"taxonomy":"product_cat","embeddable":true,"href":"http:\/\/shinyyoustationery.com\/fr\/wp-json\/wp\/v2\/product_cat?post=34214"},{"taxonomy":"product_tag","embeddable":true,"href":"http:\/\/shinyyoustationery.com\/fr\/wp-json\/wp\/v2\/product_tag?post=34214"}],"curies":[{"name":"wp","href":"https:\/\/api.w.org\/{rel}","templated":true}]}}