{"id":34217,"date":"2025-07-01T14:12:19","date_gmt":"2025-07-01T06:12:19","guid":{"rendered":"http:\/\/45.63.70.205\/?post_type=product&#038;p=34217"},"modified":"2025-07-02T19:42:15","modified_gmt":"2025-07-02T11:42:15","slug":"12-color-felt-tip-pens-with-stamps-fun-creative-markers-for-kids-artists","status":"publish","type":"product","link":"http:\/\/shinyyoustationery.com\/fr\/12-color-felt-tip-pens-with-stamps-fun-creative-markers-for-kids-artists\/","title":{"rendered":"Feutres 12 couleurs avec tampons - Marqueurs amusants et cr\u00e9atifs pour les enfants et les artistes"},"content":{"rendered":"","protected":false},"excerpt":{"rendered":"<p>Ce set de 12 feutres vibrants est livr\u00e9 avec des tampons int\u00e9gr\u00e9s, offrant une fa\u00e7on amusante de cr\u00e9er des dessins et des motifs color\u00e9s. Avec une large gamme de couleurs, ces stylos sont parfaits pour les enfants, les \u00e9tudiants en art et tous ceux qui aiment les projets cr\u00e9atifs. Id\u00e9al pour dessiner, colorier, bricoler et ajouter une touche personnelle aux travaux scolaires, aux cartes ou aux d\u00e9corations. Id\u00e9al pour les activit\u00e9s \u00e9ducatives et de loisirs !<\/p>","protected":false},"featured_media":34219,"template":"","meta":[],"product_brand":[],"product_cat":[717,415,417,702],"product_tag":[],"class_list":{"0":"post-34217","1":"product","2":"type-product","3":"status-publish","4":"has-post-thumbnail","6":"product_cat-felt-tip-pens","7":"product_cat-pen","8":"product_cat-marker","9":"product_cat-arts-crafts-collection","11":"first","12":"instock","13":"shipping-taxable","14":"product-type-simple"},"_links":{"self":[{"href":"http:\/\/shinyyoustationery.com\/fr\/wp-json\/wp\/v2\/product\/34217","targetHints":{"allow":["GET"]}}],"collection":[{"href":"http:\/\/shinyyoustationery.com\/fr\/wp-json\/wp\/v2\/product"}],"about":[{"href":"http:\/\/shinyyoustationery.com\/fr\/wp-json\/wp\/v2\/types\/product"}],"version-history":[{"count":0,"href":"http:\/\/shinyyoustationery.com\/fr\/wp-json\/wp\/v2\/product\/34217\/revisions"}],"wp:featuredmedia":[{"embeddable":true,"href":"http:\/\/shinyyoustationery.com\/fr\/wp-json\/wp\/v2\/media\/34219"}],"wp:attachment":[{"href":"http:\/\/shinyyoustationery.com\/fr\/wp-json\/wp\/v2\/media?parent=34217"}],"wp:term":[{"taxonomy":"product_brand","embeddable":true,"href":"http:\/\/shinyyoustationery.com\/fr\/wp-json\/wp\/v2\/product_brand?post=34217"},{"taxonomy":"product_cat","embeddable":true,"href":"http:\/\/shinyyoustationery.com\/fr\/wp-json\/wp\/v2\/product_cat?post=34217"},{"taxonomy":"product_tag","embeddable":true,"href":"http:\/\/shinyyoustationery.com\/fr\/wp-json\/wp\/v2\/product_tag?post=34217"}],"curies":[{"name":"wp","href":"https:\/\/api.w.org\/{rel}","templated":true}]}}