{"id":34225,"date":"2025-07-01T14:25:06","date_gmt":"2025-07-01T06:25:06","guid":{"rendered":"http:\/\/45.63.70.205\/?post_type=product&#038;p=34225"},"modified":"2025-07-01T14:25:06","modified_gmt":"2025-07-01T06:25:06","slug":"4-piece-glue-set-white-glue-glue-sticks-for-school-crafts-office","status":"publish","type":"product","link":"http:\/\/shinyyoustationery.com\/fr\/4-piece-glue-set-white-glue-glue-sticks-for-school-crafts-office\/","title":{"rendered":"Set de colle 4 pi\u00e8ces - Colle blanche et b\u00e2tons de colle pour l'\u00e9cole, l'artisanat et le bureau"},"content":{"rendered":"","protected":false},"excerpt":{"rendered":"<p>Ce set de colle polyvalent de 4 pi\u00e8ces comprend un flacon de colle blanche de 60 ml et trois b\u00e2tons de colle (9 g chacun), parfaits pour une grande vari\u00e9t\u00e9 d'utilisations. Id\u00e9al pour les \u00e9tudiants, les artistes et les artisans, ce set est parfait pour les projets scolaires, les bricolages et les t\u00e2ches de bureau. Que vous ayez besoin d'un adh\u00e9sif liquide ou en b\u00e2ton, ce set offre la flexibilit\u00e9 n\u00e9cessaire pour r\u00e9pondre \u00e0 tous vos besoins en mati\u00e8re de collage.<\/p>","protected":false},"featured_media":34226,"template":"","meta":[],"product_brand":[],"product_cat":[502,506,507,702],"product_tag":[],"class_list":{"0":"post-34225","1":"product","2":"type-product","3":"status-publish","4":"has-post-thumbnail","6":"product_cat-glue-adhesive","7":"product_cat-glue-stick","8":"product_cat-liquid-glue","9":"product_cat-arts-crafts-collection","11":"first","12":"instock","13":"shipping-taxable","14":"product-type-simple"},"_links":{"self":[{"href":"http:\/\/shinyyoustationery.com\/fr\/wp-json\/wp\/v2\/product\/34225","targetHints":{"allow":["GET"]}}],"collection":[{"href":"http:\/\/shinyyoustationery.com\/fr\/wp-json\/wp\/v2\/product"}],"about":[{"href":"http:\/\/shinyyoustationery.com\/fr\/wp-json\/wp\/v2\/types\/product"}],"version-history":[{"count":0,"href":"http:\/\/shinyyoustationery.com\/fr\/wp-json\/wp\/v2\/product\/34225\/revisions"}],"wp:featuredmedia":[{"embeddable":true,"href":"http:\/\/shinyyoustationery.com\/fr\/wp-json\/wp\/v2\/media\/34226"}],"wp:attachment":[{"href":"http:\/\/shinyyoustationery.com\/fr\/wp-json\/wp\/v2\/media?parent=34225"}],"wp:term":[{"taxonomy":"product_brand","embeddable":true,"href":"http:\/\/shinyyoustationery.com\/fr\/wp-json\/wp\/v2\/product_brand?post=34225"},{"taxonomy":"product_cat","embeddable":true,"href":"http:\/\/shinyyoustationery.com\/fr\/wp-json\/wp\/v2\/product_cat?post=34225"},{"taxonomy":"product_tag","embeddable":true,"href":"http:\/\/shinyyoustationery.com\/fr\/wp-json\/wp\/v2\/product_tag?post=34225"}],"curies":[{"name":"wp","href":"https:\/\/api.w.org\/{rel}","templated":true}]}}