{"id":34228,"date":"2025-07-01T14:42:32","date_gmt":"2025-07-01T06:42:32","guid":{"rendered":"http:\/\/45.63.70.205\/?post_type=product&#038;p=34228"},"modified":"2025-07-01T14:59:01","modified_gmt":"2025-07-01T06:59:01","slug":"lined-sticky-note-pads-bright-colored-notes-for-organization-and-quick-reminders","status":"publish","type":"product","link":"http:\/\/shinyyoustationery.com\/fr\/lined-sticky-note-pads-bright-colored-notes-for-organization-and-quick-reminders\/","title":{"rendered":"Blocs de notes adh\u00e9sives lign\u00e9es - Notes de couleurs vives pour l'organisation et les rappels rapides"},"content":{"rendered":"","protected":false},"excerpt":{"rendered":"<p>Ces blocs de notes adh\u00e9sives lign\u00e9es sont disponibles dans une grande vari\u00e9t\u00e9 de couleurs, dont le jaune, le rose, le bleu, le vert et bien d'autres encore. Chaque bloc contient 90 feuilles, parfaites pour noter des notes rapides, des rappels et des listes de choses \u00e0 faire. Le format lign\u00e9 permet de conserver une \u00e9criture nette et organis\u00e9e. Id\u00e9al pour les \u00e9tudiants, les professionnels et tous ceux qui aiment rester organis\u00e9s gr\u00e2ce \u00e0 des pense-b\u00eates color\u00e9s et autocollants.<\/p>","protected":false},"featured_media":34232,"template":"","meta":[],"product_brand":[],"product_cat":[380,385,702],"product_tag":[],"class_list":{"0":"post-34228","1":"product","2":"type-product","3":"status-publish","4":"has-post-thumbnail","6":"product_cat-school-stationery","7":"product_cat-sticky-note","8":"product_cat-arts-crafts-collection","10":"first","11":"instock","12":"shipping-taxable","13":"product-type-simple"},"_links":{"self":[{"href":"http:\/\/shinyyoustationery.com\/fr\/wp-json\/wp\/v2\/product\/34228","targetHints":{"allow":["GET"]}}],"collection":[{"href":"http:\/\/shinyyoustationery.com\/fr\/wp-json\/wp\/v2\/product"}],"about":[{"href":"http:\/\/shinyyoustationery.com\/fr\/wp-json\/wp\/v2\/types\/product"}],"version-history":[{"count":0,"href":"http:\/\/shinyyoustationery.com\/fr\/wp-json\/wp\/v2\/product\/34228\/revisions"}],"wp:featuredmedia":[{"embeddable":true,"href":"http:\/\/shinyyoustationery.com\/fr\/wp-json\/wp\/v2\/media\/34232"}],"wp:attachment":[{"href":"http:\/\/shinyyoustationery.com\/fr\/wp-json\/wp\/v2\/media?parent=34228"}],"wp:term":[{"taxonomy":"product_brand","embeddable":true,"href":"http:\/\/shinyyoustationery.com\/fr\/wp-json\/wp\/v2\/product_brand?post=34228"},{"taxonomy":"product_cat","embeddable":true,"href":"http:\/\/shinyyoustationery.com\/fr\/wp-json\/wp\/v2\/product_cat?post=34228"},{"taxonomy":"product_tag","embeddable":true,"href":"http:\/\/shinyyoustationery.com\/fr\/wp-json\/wp\/v2\/product_tag?post=34228"}],"curies":[{"name":"wp","href":"https:\/\/api.w.org\/{rel}","templated":true}]}}