{"id":34248,"date":"2025-07-01T15:10:17","date_gmt":"2025-07-01T07:10:17","guid":{"rendered":"http:\/\/45.63.70.205\/?post_type=product&#038;p=34248"},"modified":"2025-08-12T18:52:14","modified_gmt":"2025-08-13T02:52:14","slug":"space-themed-coin-bank-fun-savings-bank-with-animals-in-space-suits","status":"publish","type":"product","link":"http:\/\/shinyyoustationery.com\/fr\/space-themed-coin-bank-fun-savings-bank-with-animals-in-space-suits\/","title":{"rendered":"Tirelire sur le th\u00e8me de l'espace - Tirelire amusante avec des animaux en combinaison spatiale"},"content":{"rendered":"","protected":false},"excerpt":{"rendered":"<p>Cette charmante banque de pi\u00e8ces de monnaie sur le th\u00e8me de la licorne pr\u00e9sente un design color\u00e9 avec des licornes et des \u00e9toiles amusantes sur un fond rose. Parfaite pour les jeunes enfants, elle encourage l'\u00e9pargne d'une mani\u00e8re amusante et imaginative. La fente facile \u00e0 utiliser permet aux enfants de d\u00e9poser leurs pi\u00e8ces en toute simplicit\u00e9, ce qui en fait un ajout charmant \u00e0 toute chambre ou aire de jeu. Il est id\u00e9al pour enseigner aux enfants la valeur de l'\u00e9pargne tout en ajoutant une touche magique \u00e0 leur espace.<\/p>","protected":false},"featured_media":34249,"template":"","meta":[],"product_brand":[],"product_cat":[702,716,477],"product_tag":[],"class_list":{"0":"post-34248","1":"product","2":"type-product","3":"status-publish","4":"has-post-thumbnail","6":"product_cat-arts-crafts-collection","7":"product_cat-coin-purse","8":"product_cat-school-bags","10":"first","11":"instock","12":"shipping-taxable","13":"product-type-simple"},"_links":{"self":[{"href":"http:\/\/shinyyoustationery.com\/fr\/wp-json\/wp\/v2\/product\/34248","targetHints":{"allow":["GET"]}}],"collection":[{"href":"http:\/\/shinyyoustationery.com\/fr\/wp-json\/wp\/v2\/product"}],"about":[{"href":"http:\/\/shinyyoustationery.com\/fr\/wp-json\/wp\/v2\/types\/product"}],"version-history":[{"count":0,"href":"http:\/\/shinyyoustationery.com\/fr\/wp-json\/wp\/v2\/product\/34248\/revisions"}],"wp:featuredmedia":[{"embeddable":true,"href":"http:\/\/shinyyoustationery.com\/fr\/wp-json\/wp\/v2\/media\/34249"}],"wp:attachment":[{"href":"http:\/\/shinyyoustationery.com\/fr\/wp-json\/wp\/v2\/media?parent=34248"}],"wp:term":[{"taxonomy":"product_brand","embeddable":true,"href":"http:\/\/shinyyoustationery.com\/fr\/wp-json\/wp\/v2\/product_brand?post=34248"},{"taxonomy":"product_cat","embeddable":true,"href":"http:\/\/shinyyoustationery.com\/fr\/wp-json\/wp\/v2\/product_cat?post=34248"},{"taxonomy":"product_tag","embeddable":true,"href":"http:\/\/shinyyoustationery.com\/fr\/wp-json\/wp\/v2\/product_tag?post=34248"}],"curies":[{"name":"wp","href":"https:\/\/api.w.org\/{rel}","templated":true}]}}