{"id":34274,"date":"2025-07-01T16:41:21","date_gmt":"2025-07-01T08:41:21","guid":{"rendered":"http:\/\/45.63.70.205\/?post_type=product&#038;p=34274"},"modified":"2025-07-01T16:41:21","modified_gmt":"2025-07-01T08:41:21","slug":"mini-whiteboard-set-for-kids-classroom","status":"publish","type":"product","link":"http:\/\/shinyyoustationery.com\/fr\/mini-whiteboard-set-for-kids-classroom\/","title":{"rendered":"Mini tableau blanc pour enfants et salles de classe"},"content":{"rendered":"","protected":false},"excerpt":{"rendered":"<p>Cet ensemble de tableaux blancs aux cadres color\u00e9s (disponibles en bleu, vert, violet et rouge) est parfait pour les enfants, les salles de classe et les \u00e9tablissements d'enseignement. Chaque ensemble comprend un tableau blanc et un marqueur, ce qui en fait un excellent outil pour la prise de notes, le brainstorming ou les activit\u00e9s cr\u00e9atives. Le cadre robuste et la surface facile \u00e0 nettoyer sont \u00e0 la fois amusants et fonctionnels. Ils sont id\u00e9aux pour les \u00e9tudiants, les enseignants et les particuliers.<\/p>","protected":false},"featured_media":34275,"template":"","meta":[],"product_brand":[],"product_cat":[454,702],"product_tag":[],"class_list":{"0":"post-34274","1":"product","2":"type-product","3":"status-publish","4":"has-post-thumbnail","6":"product_cat-whiteboard","7":"product_cat-arts-crafts-collection","9":"first","10":"instock","11":"shipping-taxable","12":"product-type-simple"},"_links":{"self":[{"href":"http:\/\/shinyyoustationery.com\/fr\/wp-json\/wp\/v2\/product\/34274","targetHints":{"allow":["GET"]}}],"collection":[{"href":"http:\/\/shinyyoustationery.com\/fr\/wp-json\/wp\/v2\/product"}],"about":[{"href":"http:\/\/shinyyoustationery.com\/fr\/wp-json\/wp\/v2\/types\/product"}],"version-history":[{"count":0,"href":"http:\/\/shinyyoustationery.com\/fr\/wp-json\/wp\/v2\/product\/34274\/revisions"}],"wp:featuredmedia":[{"embeddable":true,"href":"http:\/\/shinyyoustationery.com\/fr\/wp-json\/wp\/v2\/media\/34275"}],"wp:attachment":[{"href":"http:\/\/shinyyoustationery.com\/fr\/wp-json\/wp\/v2\/media?parent=34274"}],"wp:term":[{"taxonomy":"product_brand","embeddable":true,"href":"http:\/\/shinyyoustationery.com\/fr\/wp-json\/wp\/v2\/product_brand?post=34274"},{"taxonomy":"product_cat","embeddable":true,"href":"http:\/\/shinyyoustationery.com\/fr\/wp-json\/wp\/v2\/product_cat?post=34274"},{"taxonomy":"product_tag","embeddable":true,"href":"http:\/\/shinyyoustationery.com\/fr\/wp-json\/wp\/v2\/product_tag?post=34274"}],"curies":[{"name":"wp","href":"https:\/\/api.w.org\/{rel}","templated":true}]}}