{"id":34280,"date":"2025-07-01T16:46:30","date_gmt":"2025-07-01T08:46:30","guid":{"rendered":"http:\/\/45.63.70.205\/?post_type=product&#038;p=34280"},"modified":"2025-07-07T15:32:58","modified_gmt":"2025-07-07T07:32:58","slug":"sloth-themed-self-coloring-tote-bag-with-markers-creative-diy-kit-for-kids","status":"publish","type":"product","link":"http:\/\/shinyyoustationery.com\/fr\/sloth-themed-self-coloring-tote-bag-with-markers-creative-diy-kit-for-kids\/","title":{"rendered":"Sac fourre-tout autocolorant avec marqueurs sur le th\u00e8me du paresseux - Kit de bricolage cr\u00e9atif pour les enfants"},"content":{"rendered":"","protected":false},"excerpt":{"rendered":"<p>Cet amusant \"sac fourre-tout auto-colorant\" pr\u00e9sente un motif de paresseux, permettant aux enfants d'utiliser les 5 marqueurs de couleurs vives inclus pour donner vie au motif. Parfait pour les enfants qui aiment bricoler et personnaliser leurs accessoires, ce kit de bricolage encourage la cr\u00e9ativit\u00e9 et est id\u00e9al pour les projets scolaires, les cadeaux ou les sorties d\u00e9contract\u00e9es. Le sac lui-m\u00eame est fabriqu\u00e9 en toile durable, ce qui le rend parfait pour un usage quotidien une fois d\u00e9cor\u00e9. Id\u00e9al pour les jeunes artistes qui souhaitent ajouter leur touche personnelle \u00e0 leurs accessoires !<\/p>","protected":false},"featured_media":34281,"template":"","meta":[],"product_brand":[],"product_cat":[705,535,702],"product_tag":[],"class_list":{"0":"post-34280","1":"product","2":"type-product","3":"status-publish","4":"has-post-thumbnail","6":"product_cat-tote-bag","7":"product_cat-storage-bag","8":"product_cat-arts-crafts-collection","10":"first","11":"instock","12":"shipping-taxable","13":"product-type-simple"},"_links":{"self":[{"href":"http:\/\/shinyyoustationery.com\/fr\/wp-json\/wp\/v2\/product\/34280","targetHints":{"allow":["GET"]}}],"collection":[{"href":"http:\/\/shinyyoustationery.com\/fr\/wp-json\/wp\/v2\/product"}],"about":[{"href":"http:\/\/shinyyoustationery.com\/fr\/wp-json\/wp\/v2\/types\/product"}],"version-history":[{"count":0,"href":"http:\/\/shinyyoustationery.com\/fr\/wp-json\/wp\/v2\/product\/34280\/revisions"}],"wp:featuredmedia":[{"embeddable":true,"href":"http:\/\/shinyyoustationery.com\/fr\/wp-json\/wp\/v2\/media\/34281"}],"wp:attachment":[{"href":"http:\/\/shinyyoustationery.com\/fr\/wp-json\/wp\/v2\/media?parent=34280"}],"wp:term":[{"taxonomy":"product_brand","embeddable":true,"href":"http:\/\/shinyyoustationery.com\/fr\/wp-json\/wp\/v2\/product_brand?post=34280"},{"taxonomy":"product_cat","embeddable":true,"href":"http:\/\/shinyyoustationery.com\/fr\/wp-json\/wp\/v2\/product_cat?post=34280"},{"taxonomy":"product_tag","embeddable":true,"href":"http:\/\/shinyyoustationery.com\/fr\/wp-json\/wp\/v2\/product_tag?post=34280"}],"curies":[{"name":"wp","href":"https:\/\/api.w.org\/{rel}","templated":true}]}}