{"id":34283,"date":"2025-07-01T16:51:19","date_gmt":"2025-07-01T08:51:19","guid":{"rendered":"http:\/\/45.63.70.205\/?post_type=product&#038;p=34283"},"modified":"2025-07-02T19:57:20","modified_gmt":"2025-07-02T11:57:20","slug":"mini-chalkboard-set-with-colored-chalks-ideal-for-kids-classroom-home","status":"publish","type":"product","link":"http:\/\/shinyyoustationery.com\/fr\/mini-chalkboard-set-with-colored-chalks-ideal-for-kids-classroom-home\/","title":{"rendered":"Mini tableau noir avec craies de couleur - Id\u00e9al pour les enfants, la classe et la maison"},"content":{"rendered":"","protected":false},"excerpt":{"rendered":"<p>Ce mini tableau noir est parfait pour les enfants cr\u00e9atifs et les activit\u00e9s en classe. Il comprend un tableau noir, un jeu de craies de couleurs vives et une gomme, le tout dans un kit pratique et facile \u00e0 utiliser. Id\u00e9al pour le dessin, l'\u00e9criture et les activit\u00e9s d'apprentissage, il convient parfaitement aux enfants, aux enseignants et aux familles. Parfait pour les devoirs, la r\u00e9cr\u00e9ation ou comme outil amusant d'expression cr\u00e9ative. Qu'il soit utilis\u00e9 \u00e0 la maison ou \u00e0 l'\u00e9cole, cet ensemble favorise la cr\u00e9ativit\u00e9 et l'organisation.<\/p>","protected":false},"featured_media":34284,"template":"","meta":[],"product_brand":[],"product_cat":[454,474,702],"product_tag":[],"class_list":{"0":"post-34283","1":"product","2":"type-product","3":"status-publish","4":"has-post-thumbnail","6":"product_cat-whiteboard","7":"product_cat-kids-stationery","8":"product_cat-arts-crafts-collection","10":"first","11":"instock","12":"shipping-taxable","13":"product-type-simple"},"_links":{"self":[{"href":"http:\/\/shinyyoustationery.com\/fr\/wp-json\/wp\/v2\/product\/34283","targetHints":{"allow":["GET"]}}],"collection":[{"href":"http:\/\/shinyyoustationery.com\/fr\/wp-json\/wp\/v2\/product"}],"about":[{"href":"http:\/\/shinyyoustationery.com\/fr\/wp-json\/wp\/v2\/types\/product"}],"version-history":[{"count":0,"href":"http:\/\/shinyyoustationery.com\/fr\/wp-json\/wp\/v2\/product\/34283\/revisions"}],"wp:featuredmedia":[{"embeddable":true,"href":"http:\/\/shinyyoustationery.com\/fr\/wp-json\/wp\/v2\/media\/34284"}],"wp:attachment":[{"href":"http:\/\/shinyyoustationery.com\/fr\/wp-json\/wp\/v2\/media?parent=34283"}],"wp:term":[{"taxonomy":"product_brand","embeddable":true,"href":"http:\/\/shinyyoustationery.com\/fr\/wp-json\/wp\/v2\/product_brand?post=34283"},{"taxonomy":"product_cat","embeddable":true,"href":"http:\/\/shinyyoustationery.com\/fr\/wp-json\/wp\/v2\/product_cat?post=34283"},{"taxonomy":"product_tag","embeddable":true,"href":"http:\/\/shinyyoustationery.com\/fr\/wp-json\/wp\/v2\/product_tag?post=34283"}],"curies":[{"name":"wp","href":"https:\/\/api.w.org\/{rel}","templated":true}]}}