{"id":34796,"date":"2025-07-07T16:33:59","date_gmt":"2025-07-07T08:33:59","guid":{"rendered":"http:\/\/45.63.70.205\/?post_type=product&#038;p=34796"},"modified":"2025-07-07T16:33:59","modified_gmt":"2025-07-07T08:33:59","slug":"gel-ink-pens-for-school-office","status":"publish","type":"product","link":"http:\/\/shinyyoustationery.com\/fr\/gel-ink-pens-for-school-office\/","title":{"rendered":"Stylos \u00e0 encre gel pour l'\u00e9cole et le bureau"},"content":{"rendered":"","protected":false},"excerpt":{"rendered":"<p>Apportez une touche de couleur \u00e0 votre \u00e9criture avec les stylos \u00e0 encre gel vibrante de Shiny You. Que vous soyez un \u00e9tudiant prenant des notes, un professionnel notant ses id\u00e9es ou un artiste esquissant son prochain chef-d'\u0153uvre, ces stylos offrent une \u00e9criture fluide et une vari\u00e9t\u00e9 de couleurs \u00e9tonnantes pour s'adapter \u00e0 votre style et \u00e0 vos besoins. Parfaits pour l'usage quotidien, les projets cr\u00e9atifs et le travail de bureau, les stylos Shiny You font de chaque trait un plaisir.<\/p>","protected":false},"featured_media":34784,"template":"","meta":[],"product_brand":[],"product_cat":[491,410,415],"product_tag":[],"class_list":{"0":"post-34796","1":"product","2":"type-product","3":"status-publish","4":"has-post-thumbnail","6":"product_cat-gel-pen","7":"product_cat-writing-instruments","8":"product_cat-pen","10":"first","11":"instock","12":"shipping-taxable","13":"product-type-simple"},"_links":{"self":[{"href":"http:\/\/shinyyoustationery.com\/fr\/wp-json\/wp\/v2\/product\/34796","targetHints":{"allow":["GET"]}}],"collection":[{"href":"http:\/\/shinyyoustationery.com\/fr\/wp-json\/wp\/v2\/product"}],"about":[{"href":"http:\/\/shinyyoustationery.com\/fr\/wp-json\/wp\/v2\/types\/product"}],"version-history":[{"count":0,"href":"http:\/\/shinyyoustationery.com\/fr\/wp-json\/wp\/v2\/product\/34796\/revisions"}],"wp:featuredmedia":[{"embeddable":true,"href":"http:\/\/shinyyoustationery.com\/fr\/wp-json\/wp\/v2\/media\/34784"}],"wp:attachment":[{"href":"http:\/\/shinyyoustationery.com\/fr\/wp-json\/wp\/v2\/media?parent=34796"}],"wp:term":[{"taxonomy":"product_brand","embeddable":true,"href":"http:\/\/shinyyoustationery.com\/fr\/wp-json\/wp\/v2\/product_brand?post=34796"},{"taxonomy":"product_cat","embeddable":true,"href":"http:\/\/shinyyoustationery.com\/fr\/wp-json\/wp\/v2\/product_cat?post=34796"},{"taxonomy":"product_tag","embeddable":true,"href":"http:\/\/shinyyoustationery.com\/fr\/wp-json\/wp\/v2\/product_tag?post=34796"}],"curies":[{"name":"wp","href":"https:\/\/api.w.org\/{rel}","templated":true}]}}