{"id":34801,"date":"2025-07-07T17:15:15","date_gmt":"2025-07-07T09:15:15","guid":{"rendered":"http:\/\/45.63.70.205\/?post_type=product&#038;p=34801"},"modified":"2025-07-07T17:49:09","modified_gmt":"2025-07-07T09:49:09","slug":"bright-pink-30cm-flexible-ruler-ideal-for-girls","status":"publish","type":"product","link":"http:\/\/shinyyoustationery.com\/fr\/bright-pink-30cm-flexible-ruler-ideal-for-girls\/","title":{"rendered":"R\u00e8gle flexible 30CM rose vif - id\u00e9ale pour les filles"},"content":{"rendered":"","protected":false},"excerpt":{"rendered":"<p>Ajoutez une touche de couleur et de praticit\u00e9 \u00e0 votre collection d'articles de papeterie avec la r\u00e8gle flexible Shiny You 30CM. Fabriqu\u00e9e dans un mat\u00e9riau durable et pliable, cette r\u00e8gle rose vif est parfaite pour les filles qui aiment \u00e0 la fois le style et la fonction. L\u00e9g\u00e8re et incassable, elle est id\u00e9ale pour l'\u00e9cole, les travaux manuels et l'usage quotidien.<\/p>","protected":false},"featured_media":34803,"template":"","meta":[],"product_brand":[],"product_cat":[475,397,424],"product_tag":[],"class_list":{"0":"post-34801","1":"product","2":"type-product","3":"status-publish","4":"has-post-thumbnail","6":"product_cat-rulers-measuring-tools","7":"product_cat-basic-office-stationery","8":"product_cat-straight-ruler","10":"first","11":"instock","12":"shipping-taxable","13":"product-type-simple"},"_links":{"self":[{"href":"http:\/\/shinyyoustationery.com\/fr\/wp-json\/wp\/v2\/product\/34801","targetHints":{"allow":["GET"]}}],"collection":[{"href":"http:\/\/shinyyoustationery.com\/fr\/wp-json\/wp\/v2\/product"}],"about":[{"href":"http:\/\/shinyyoustationery.com\/fr\/wp-json\/wp\/v2\/types\/product"}],"version-history":[{"count":0,"href":"http:\/\/shinyyoustationery.com\/fr\/wp-json\/wp\/v2\/product\/34801\/revisions"}],"wp:featuredmedia":[{"embeddable":true,"href":"http:\/\/shinyyoustationery.com\/fr\/wp-json\/wp\/v2\/media\/34803"}],"wp:attachment":[{"href":"http:\/\/shinyyoustationery.com\/fr\/wp-json\/wp\/v2\/media?parent=34801"}],"wp:term":[{"taxonomy":"product_brand","embeddable":true,"href":"http:\/\/shinyyoustationery.com\/fr\/wp-json\/wp\/v2\/product_brand?post=34801"},{"taxonomy":"product_cat","embeddable":true,"href":"http:\/\/shinyyoustationery.com\/fr\/wp-json\/wp\/v2\/product_cat?post=34801"},{"taxonomy":"product_tag","embeddable":true,"href":"http:\/\/shinyyoustationery.com\/fr\/wp-json\/wp\/v2\/product_tag?post=34801"}],"curies":[{"name":"wp","href":"https:\/\/api.w.org\/{rel}","templated":true}]}}