{"id":34806,"date":"2025-07-07T17:40:12","date_gmt":"2025-07-07T09:40:12","guid":{"rendered":"http:\/\/45.63.70.205\/?post_type=product&#038;p=34806"},"modified":"2025-07-07T17:41:39","modified_gmt":"2025-07-07T09:41:39","slug":"20cm-flexible-pink-ruler-ideal-for-girls","status":"publish","type":"product","link":"http:\/\/shinyyoustationery.com\/fr\/20cm-flexible-pink-ruler-ideal-for-girls\/","title":{"rendered":"R\u00e8gle rose flexible de 20CM - id\u00e9ale pour les filles"},"content":{"rendered":"","protected":false},"excerpt":{"rendered":"<p>Ajoutez du fun et de la fonctionnalit\u00e9 \u00e0 votre papeterie avec la r\u00e8gle flexible Shiny You 20CM en rose vif ! Con\u00e7ue pour les filles, cette r\u00e8gle \u00e9l\u00e9gante et pliable est parfaite pour les travaux scolaires, la tenue d'un journal et les projets cr\u00e9atifs. Sa conception l\u00e9g\u00e8re et incassable la rend facile \u00e0 transporter et s\u00fbre \u00e0 utiliser. Elle est parfaite pour les sacs \u00e0 dos, les trousses \u00e0 crayons et l'usage quotidien.<\/p>","protected":false},"featured_media":34807,"template":"","meta":[],"product_brand":[],"product_cat":[475,397,424],"product_tag":[],"class_list":{"0":"post-34806","1":"product","2":"type-product","3":"status-publish","4":"has-post-thumbnail","6":"product_cat-rulers-measuring-tools","7":"product_cat-basic-office-stationery","8":"product_cat-straight-ruler","10":"first","11":"instock","12":"shipping-taxable","13":"product-type-simple"},"_links":{"self":[{"href":"http:\/\/shinyyoustationery.com\/fr\/wp-json\/wp\/v2\/product\/34806","targetHints":{"allow":["GET"]}}],"collection":[{"href":"http:\/\/shinyyoustationery.com\/fr\/wp-json\/wp\/v2\/product"}],"about":[{"href":"http:\/\/shinyyoustationery.com\/fr\/wp-json\/wp\/v2\/types\/product"}],"version-history":[{"count":0,"href":"http:\/\/shinyyoustationery.com\/fr\/wp-json\/wp\/v2\/product\/34806\/revisions"}],"wp:featuredmedia":[{"embeddable":true,"href":"http:\/\/shinyyoustationery.com\/fr\/wp-json\/wp\/v2\/media\/34807"}],"wp:attachment":[{"href":"http:\/\/shinyyoustationery.com\/fr\/wp-json\/wp\/v2\/media?parent=34806"}],"wp:term":[{"taxonomy":"product_brand","embeddable":true,"href":"http:\/\/shinyyoustationery.com\/fr\/wp-json\/wp\/v2\/product_brand?post=34806"},{"taxonomy":"product_cat","embeddable":true,"href":"http:\/\/shinyyoustationery.com\/fr\/wp-json\/wp\/v2\/product_cat?post=34806"},{"taxonomy":"product_tag","embeddable":true,"href":"http:\/\/shinyyoustationery.com\/fr\/wp-json\/wp\/v2\/product_tag?post=34806"}],"curies":[{"name":"wp","href":"https:\/\/api.w.org\/{rel}","templated":true}]}}