{"id":34811,"date":"2025-07-07T17:49:34","date_gmt":"2025-07-07T09:49:34","guid":{"rendered":"http:\/\/45.63.70.205\/?post_type=product&#038;p=34811"},"modified":"2025-07-07T17:54:08","modified_gmt":"2025-07-07T09:54:08","slug":"pink-sparkle-ruler-for-kids-and-students-15cm","status":"publish","type":"product","link":"http:\/\/shinyyoustationery.com\/fr\/pink-sparkle-ruler-for-kids-and-students-15cm\/","title":{"rendered":"R\u00e8gle rose \u00e9tincelante pour les enfants et les \u00e9tudiants - 15cm"},"content":{"rendered":"","protected":false},"excerpt":{"rendered":"<p>Ajoutez une touche de fantaisie \u00e0 vos fournitures scolaires avec cette r\u00e8gle rose \u00e9tincelante. Parfaite pour les enfants et les \u00e9tudiants, elle comporte des mesures en pouces et en centim\u00e8tres, ce qui la rend id\u00e9ale pour le dessin, le bricolage et les devoirs. Son design \u00e9l\u00e9gant ajoute de la personnalit\u00e9 \u00e0 tout espace de travail !<\/p>","protected":false},"featured_media":34812,"template":"","meta":[],"product_brand":[],"product_cat":[475,397,424],"product_tag":[],"class_list":{"0":"post-34811","1":"product","2":"type-product","3":"status-publish","4":"has-post-thumbnail","6":"product_cat-rulers-measuring-tools","7":"product_cat-basic-office-stationery","8":"product_cat-straight-ruler","10":"first","11":"instock","12":"shipping-taxable","13":"product-type-simple"},"_links":{"self":[{"href":"http:\/\/shinyyoustationery.com\/fr\/wp-json\/wp\/v2\/product\/34811","targetHints":{"allow":["GET"]}}],"collection":[{"href":"http:\/\/shinyyoustationery.com\/fr\/wp-json\/wp\/v2\/product"}],"about":[{"href":"http:\/\/shinyyoustationery.com\/fr\/wp-json\/wp\/v2\/types\/product"}],"version-history":[{"count":0,"href":"http:\/\/shinyyoustationery.com\/fr\/wp-json\/wp\/v2\/product\/34811\/revisions"}],"wp:featuredmedia":[{"embeddable":true,"href":"http:\/\/shinyyoustationery.com\/fr\/wp-json\/wp\/v2\/media\/34812"}],"wp:attachment":[{"href":"http:\/\/shinyyoustationery.com\/fr\/wp-json\/wp\/v2\/media?parent=34811"}],"wp:term":[{"taxonomy":"product_brand","embeddable":true,"href":"http:\/\/shinyyoustationery.com\/fr\/wp-json\/wp\/v2\/product_brand?post=34811"},{"taxonomy":"product_cat","embeddable":true,"href":"http:\/\/shinyyoustationery.com\/fr\/wp-json\/wp\/v2\/product_cat?post=34811"},{"taxonomy":"product_tag","embeddable":true,"href":"http:\/\/shinyyoustationery.com\/fr\/wp-json\/wp\/v2\/product_tag?post=34811"}],"curies":[{"name":"wp","href":"https:\/\/api.w.org\/{rel}","templated":true}]}}