{"id":34827,"date":"2025-07-07T19:36:57","date_gmt":"2025-07-07T11:36:57","guid":{"rendered":"http:\/\/45.63.70.205\/?post_type=product&#038;p=34827"},"modified":"2025-07-07T19:36:57","modified_gmt":"2025-07-07T11:36:57","slug":"custom-shape-hot-foiled-logo-paper-colorful-envelopes-perfect-for-weddings-events-and-gifts","status":"publish","type":"product","link":"http:\/\/shinyyoustationery.com\/fr\/custom-shape-hot-foiled-logo-paper-colorful-envelopes-perfect-for-weddings-events-and-gifts\/","title":{"rendered":"Enveloppes personnalis\u00e9es avec logo en papier thermoform\u00e9 - Parfaites pour les mariages, les \u00e9v\u00e9nements et les cadeaux"},"content":{"rendered":"","protected":false},"excerpt":{"rendered":"<p>Ces enveloppes aux couleurs vives sont id\u00e9ales pour les mariages, les \u00e9v\u00e9nements ou les occasions sp\u00e9ciales. Dot\u00e9e de logos dor\u00e9s \u00e0 chaud, chaque enveloppe est magnifiquement fabriqu\u00e9e dans une teinte unique - corail, vert, jaune et sarcelle - apportant une touche d'\u00e9l\u00e9gance et de luxe \u00e0 vos invitations ou \u00e0 vos cadeaux.<\/p>","protected":false},"featured_media":34828,"template":"","meta":[],"product_brand":[],"product_cat":[390,665,674],"product_tag":[],"class_list":{"0":"post-34827","1":"product","2":"type-product","3":"status-publish","4":"has-post-thumbnail","6":"product_cat-envelopes","7":"product_cat-school-paper","8":"product_cat-office-paper","10":"first","11":"instock","12":"shipping-taxable","13":"product-type-simple"},"_links":{"self":[{"href":"http:\/\/shinyyoustationery.com\/fr\/wp-json\/wp\/v2\/product\/34827","targetHints":{"allow":["GET"]}}],"collection":[{"href":"http:\/\/shinyyoustationery.com\/fr\/wp-json\/wp\/v2\/product"}],"about":[{"href":"http:\/\/shinyyoustationery.com\/fr\/wp-json\/wp\/v2\/types\/product"}],"version-history":[{"count":0,"href":"http:\/\/shinyyoustationery.com\/fr\/wp-json\/wp\/v2\/product\/34827\/revisions"}],"wp:featuredmedia":[{"embeddable":true,"href":"http:\/\/shinyyoustationery.com\/fr\/wp-json\/wp\/v2\/media\/34828"}],"wp:attachment":[{"href":"http:\/\/shinyyoustationery.com\/fr\/wp-json\/wp\/v2\/media?parent=34827"}],"wp:term":[{"taxonomy":"product_brand","embeddable":true,"href":"http:\/\/shinyyoustationery.com\/fr\/wp-json\/wp\/v2\/product_brand?post=34827"},{"taxonomy":"product_cat","embeddable":true,"href":"http:\/\/shinyyoustationery.com\/fr\/wp-json\/wp\/v2\/product_cat?post=34827"},{"taxonomy":"product_tag","embeddable":true,"href":"http:\/\/shinyyoustationery.com\/fr\/wp-json\/wp\/v2\/product_tag?post=34827"}],"curies":[{"name":"wp","href":"https:\/\/api.w.org\/{rel}","templated":true}]}}