{"id":34847,"date":"2025-07-08T10:50:46","date_gmt":"2025-07-08T02:50:46","guid":{"rendered":"http:\/\/45.63.70.205\/?post_type=product&#038;p=34847"},"modified":"2025-07-08T10:50:46","modified_gmt":"2025-07-08T02:50:46","slug":"wholesale-a4-printer-paper-80-gsm-multi-purpose-office-copy-paper","status":"publish","type":"product","link":"http:\/\/shinyyoustationery.com\/fr\/wholesale-a4-printer-paper-80-gsm-multi-purpose-office-copy-paper\/","title":{"rendered":"Wholesale A4 Printer paper 80 Gsm Multi-Purpose Office Copy Paper"},"content":{"rendered":"","protected":false},"excerpt":{"rendered":"<p>Ce papier A4 est parfait pour tous vos besoins d'impression au bureau et \u00e0 la maison. Avec un grammage de 80 GSM et un design lisse et polyvalent, il garantit des impressions nettes et claires \u00e0 chaque fois. Chaque paquet contient plusieurs ramettes, ce qui en fait un choix \u00e9conomique pour une utilisation en masse. Id\u00e9al pour les imprimantes, les copieurs et autres, ce papier de haute qualit\u00e9 est une solution fiable pour les t\u00e2ches d'impression quotidiennes.<\/p>","protected":false},"featured_media":34849,"template":"","meta":[],"product_brand":[],"product_cat":[389,384,674],"product_tag":[],"class_list":{"0":"post-34847","1":"product","2":"type-product","3":"status-publish","4":"has-post-thumbnail","6":"product_cat-printer-paper","7":"product_cat-paper-supplies","8":"product_cat-office-paper","10":"first","11":"instock","12":"shipping-taxable","13":"product-type-simple"},"_links":{"self":[{"href":"http:\/\/shinyyoustationery.com\/fr\/wp-json\/wp\/v2\/product\/34847","targetHints":{"allow":["GET"]}}],"collection":[{"href":"http:\/\/shinyyoustationery.com\/fr\/wp-json\/wp\/v2\/product"}],"about":[{"href":"http:\/\/shinyyoustationery.com\/fr\/wp-json\/wp\/v2\/types\/product"}],"version-history":[{"count":0,"href":"http:\/\/shinyyoustationery.com\/fr\/wp-json\/wp\/v2\/product\/34847\/revisions"}],"wp:featuredmedia":[{"embeddable":true,"href":"http:\/\/shinyyoustationery.com\/fr\/wp-json\/wp\/v2\/media\/34849"}],"wp:attachment":[{"href":"http:\/\/shinyyoustationery.com\/fr\/wp-json\/wp\/v2\/media?parent=34847"}],"wp:term":[{"taxonomy":"product_brand","embeddable":true,"href":"http:\/\/shinyyoustationery.com\/fr\/wp-json\/wp\/v2\/product_brand?post=34847"},{"taxonomy":"product_cat","embeddable":true,"href":"http:\/\/shinyyoustationery.com\/fr\/wp-json\/wp\/v2\/product_cat?post=34847"},{"taxonomy":"product_tag","embeddable":true,"href":"http:\/\/shinyyoustationery.com\/fr\/wp-json\/wp\/v2\/product_tag?post=34847"}],"curies":[{"name":"wp","href":"https:\/\/api.w.org\/{rel}","templated":true}]}}