{"id":34854,"date":"2025-07-08T11:45:07","date_gmt":"2025-07-08T03:45:07","guid":{"rendered":"http:\/\/45.63.70.205\/?post_type=product&#038;p=34854"},"modified":"2025-07-14T02:58:03","modified_gmt":"2025-07-14T10:58:03","slug":"bright-pink-binder-clips-for-office-and-school-packaged-in-a-clear-storage-jar","status":"publish","type":"product","link":"http:\/\/shinyyoustationery.com\/fr\/bright-pink-binder-clips-for-office-and-school-packaged-in-a-clear-storage-jar\/","title":{"rendered":"Clips de classeur rose vif pour le bureau et l'\u00e9cole - Emball\u00e9s dans un bocal de stockage transparent"},"content":{"rendered":"","protected":false},"excerpt":{"rendered":"<p>Ajoutez une touche de couleur \u00e0 votre espace de travail avec ces pinces \u00e0 reliure rose vif de Shiny You. Parfaits pour organiser des documents, des notes ou des projets artistiques, ces trombones sont soigneusement rang\u00e9s dans un bocal transparent pour un acc\u00e8s facile et un aspect propre. Que vous soyez au bureau ou \u00e0 l'\u00e9cole, ces pinces offrent \u00e0 la fois style et fonctionnalit\u00e9 pour tous vos besoins en mati\u00e8re de trombones.<\/p>","protected":false},"featured_media":34856,"template":"","meta":[],"product_brand":[],"product_cat":[422],"product_tag":[],"class_list":{"0":"post-34854","1":"product","2":"type-product","3":"status-publish","4":"has-post-thumbnail","6":"product_cat-binder-clip","8":"first","9":"instock","10":"shipping-taxable","11":"product-type-simple"},"_links":{"self":[{"href":"http:\/\/shinyyoustationery.com\/fr\/wp-json\/wp\/v2\/product\/34854","targetHints":{"allow":["GET"]}}],"collection":[{"href":"http:\/\/shinyyoustationery.com\/fr\/wp-json\/wp\/v2\/product"}],"about":[{"href":"http:\/\/shinyyoustationery.com\/fr\/wp-json\/wp\/v2\/types\/product"}],"version-history":[{"count":0,"href":"http:\/\/shinyyoustationery.com\/fr\/wp-json\/wp\/v2\/product\/34854\/revisions"}],"wp:featuredmedia":[{"embeddable":true,"href":"http:\/\/shinyyoustationery.com\/fr\/wp-json\/wp\/v2\/media\/34856"}],"wp:attachment":[{"href":"http:\/\/shinyyoustationery.com\/fr\/wp-json\/wp\/v2\/media?parent=34854"}],"wp:term":[{"taxonomy":"product_brand","embeddable":true,"href":"http:\/\/shinyyoustationery.com\/fr\/wp-json\/wp\/v2\/product_brand?post=34854"},{"taxonomy":"product_cat","embeddable":true,"href":"http:\/\/shinyyoustationery.com\/fr\/wp-json\/wp\/v2\/product_cat?post=34854"},{"taxonomy":"product_tag","embeddable":true,"href":"http:\/\/shinyyoustationery.com\/fr\/wp-json\/wp\/v2\/product_tag?post=34854"}],"curies":[{"name":"wp","href":"https:\/\/api.w.org\/{rel}","templated":true}]}}