{"id":34859,"date":"2025-07-08T13:22:17","date_gmt":"2025-07-08T05:22:17","guid":{"rendered":"http:\/\/45.63.70.205\/?post_type=product&#038;p=34859"},"modified":"2025-07-14T02:57:54","modified_gmt":"2025-07-14T10:57:54","slug":"large-binder-clip-plastic-bulldog-clip-hinge-paper-clips-file-clamps-office-school-supplies","status":"publish","type":"product","link":"http:\/\/shinyyoustationery.com\/fr\/large-binder-clip-plastic-bulldog-clip-hinge-paper-clips-file-clamps-office-school-supplies\/","title":{"rendered":"Large Binder Clip Plastic Bulldog Clip Hinge Paper Clips File Clamps Office School Supplies"},"content":{"rendered":"","protected":false},"excerpt":{"rendered":"<p>Gardez vos papiers et documents organis\u00e9s gr\u00e2ce \u00e0 cette pince \u00e0 reliure bulldog en plastique. Parfaite pour le bureau, l'\u00e9cole ou la maison, elle est dot\u00e9e d'une charni\u00e8re robuste et d'une bonne prise pour maintenir les documents en toute s\u00e9curit\u00e9. Sa construction en plastique durable et son design pratique en font un outil essentiel pour la gestion des dossiers, des notes et bien plus encore.<\/p>","protected":false},"featured_media":34861,"template":"","meta":[],"product_brand":[],"product_cat":[422],"product_tag":[],"class_list":{"0":"post-34859","1":"product","2":"type-product","3":"status-publish","4":"has-post-thumbnail","6":"product_cat-binder-clip","8":"first","9":"instock","10":"shipping-taxable","11":"product-type-simple"},"_links":{"self":[{"href":"http:\/\/shinyyoustationery.com\/fr\/wp-json\/wp\/v2\/product\/34859","targetHints":{"allow":["GET"]}}],"collection":[{"href":"http:\/\/shinyyoustationery.com\/fr\/wp-json\/wp\/v2\/product"}],"about":[{"href":"http:\/\/shinyyoustationery.com\/fr\/wp-json\/wp\/v2\/types\/product"}],"version-history":[{"count":0,"href":"http:\/\/shinyyoustationery.com\/fr\/wp-json\/wp\/v2\/product\/34859\/revisions"}],"wp:featuredmedia":[{"embeddable":true,"href":"http:\/\/shinyyoustationery.com\/fr\/wp-json\/wp\/v2\/media\/34861"}],"wp:attachment":[{"href":"http:\/\/shinyyoustationery.com\/fr\/wp-json\/wp\/v2\/media?parent=34859"}],"wp:term":[{"taxonomy":"product_brand","embeddable":true,"href":"http:\/\/shinyyoustationery.com\/fr\/wp-json\/wp\/v2\/product_brand?post=34859"},{"taxonomy":"product_cat","embeddable":true,"href":"http:\/\/shinyyoustationery.com\/fr\/wp-json\/wp\/v2\/product_cat?post=34859"},{"taxonomy":"product_tag","embeddable":true,"href":"http:\/\/shinyyoustationery.com\/fr\/wp-json\/wp\/v2\/product_tag?post=34859"}],"curies":[{"name":"wp","href":"https:\/\/api.w.org\/{rel}","templated":true}]}}