{"id":34865,"date":"2025-07-08T13:51:19","date_gmt":"2025-07-08T05:51:19","guid":{"rendered":"http:\/\/45.63.70.205\/?post_type=product&#038;p=34865"},"modified":"2025-07-08T13:51:19","modified_gmt":"2025-07-08T05:51:19","slug":"10-pack-pink-bulldog-clips-for-office-school","status":"publish","type":"product","link":"http:\/\/shinyyoustationery.com\/fr\/10-pack-pink-bulldog-clips-for-office-school\/","title":{"rendered":"Lot de 10 pinces bulldogs roses pour le bureau et l'\u00e9cole"},"content":{"rendered":"","protected":false},"excerpt":{"rendered":"<p>Egayez votre espace de travail avec ces \u00e9l\u00e9gants clips bulldogs roses de Shiny You. Ce lot de 10 pi\u00e8ces comprend des pinces aux accents or rose, gris et blancs, chacune orn\u00e9e de messages positifs tels que \"Dream Big\" et \"Love You\". Id\u00e9ales pour organiser les documents au bureau, \u00e0 l'\u00e9cole ou m\u00eame pour les projets cr\u00e9atifs d'art et d'artisanat, ces pinces durables combinent \u00e0 la fois fonctionnalit\u00e9 et \u00e9l\u00e9gance.<\/p>","protected":false},"featured_media":34867,"template":"","meta":[],"product_brand":[],"product_cat":[422],"product_tag":[],"class_list":{"0":"post-34865","1":"product","2":"type-product","3":"status-publish","4":"has-post-thumbnail","6":"product_cat-binder-clip","8":"first","9":"instock","10":"shipping-taxable","11":"product-type-simple"},"_links":{"self":[{"href":"http:\/\/shinyyoustationery.com\/fr\/wp-json\/wp\/v2\/product\/34865","targetHints":{"allow":["GET"]}}],"collection":[{"href":"http:\/\/shinyyoustationery.com\/fr\/wp-json\/wp\/v2\/product"}],"about":[{"href":"http:\/\/shinyyoustationery.com\/fr\/wp-json\/wp\/v2\/types\/product"}],"version-history":[{"count":0,"href":"http:\/\/shinyyoustationery.com\/fr\/wp-json\/wp\/v2\/product\/34865\/revisions"}],"wp:featuredmedia":[{"embeddable":true,"href":"http:\/\/shinyyoustationery.com\/fr\/wp-json\/wp\/v2\/media\/34867"}],"wp:attachment":[{"href":"http:\/\/shinyyoustationery.com\/fr\/wp-json\/wp\/v2\/media?parent=34865"}],"wp:term":[{"taxonomy":"product_brand","embeddable":true,"href":"http:\/\/shinyyoustationery.com\/fr\/wp-json\/wp\/v2\/product_brand?post=34865"},{"taxonomy":"product_cat","embeddable":true,"href":"http:\/\/shinyyoustationery.com\/fr\/wp-json\/wp\/v2\/product_cat?post=34865"},{"taxonomy":"product_tag","embeddable":true,"href":"http:\/\/shinyyoustationery.com\/fr\/wp-json\/wp\/v2\/product_tag?post=34865"}],"curies":[{"name":"wp","href":"https:\/\/api.w.org\/{rel}","templated":true}]}}