{"id":34869,"date":"2025-07-08T14:32:19","date_gmt":"2025-07-08T06:32:19","guid":{"rendered":"http:\/\/45.63.70.205\/?post_type=product&#038;p=34869"},"modified":"2025-07-08T14:32:19","modified_gmt":"2025-07-08T06:32:19","slug":"vibrant-pink-a4-ring-binder-for-office-school","status":"publish","type":"product","link":"http:\/\/shinyyoustationery.com\/fr\/vibrant-pink-a4-ring-binder-for-office-school\/","title":{"rendered":"Classeur \u00e0 anneaux A4 rose vif pour le bureau et l'\u00e9cole"},"content":{"rendered":"","protected":false},"excerpt":{"rendered":"<p>Ce classeur \u00e0 anneaux A4 rose vif est parfait pour organiser vos documents \u00e0 l'\u00e9cole, au travail ou \u00e0 la maison. Dot\u00e9 d'un design durable et \u00e9l\u00e9gant, il permet de garder les documents bien rang\u00e9s et accessibles tout en ajoutant une touche de couleur \u00e0 votre espace de travail. Id\u00e9al pour les professionnels, les \u00e9tudiants et tous ceux qui souhaitent apporter un peu d'\u00e9clat \u00e0 leurs t\u00e2ches quotidiennes.<\/p>","protected":false},"featured_media":34870,"template":"","meta":[],"product_brand":[],"product_cat":[413],"product_tag":[],"class_list":{"0":"post-34869","1":"product","2":"type-product","3":"status-publish","4":"has-post-thumbnail","6":"product_cat-ring-binder","8":"first","9":"instock","10":"shipping-taxable","11":"product-type-simple"},"_links":{"self":[{"href":"http:\/\/shinyyoustationery.com\/fr\/wp-json\/wp\/v2\/product\/34869","targetHints":{"allow":["GET"]}}],"collection":[{"href":"http:\/\/shinyyoustationery.com\/fr\/wp-json\/wp\/v2\/product"}],"about":[{"href":"http:\/\/shinyyoustationery.com\/fr\/wp-json\/wp\/v2\/types\/product"}],"version-history":[{"count":0,"href":"http:\/\/shinyyoustationery.com\/fr\/wp-json\/wp\/v2\/product\/34869\/revisions"}],"wp:featuredmedia":[{"embeddable":true,"href":"http:\/\/shinyyoustationery.com\/fr\/wp-json\/wp\/v2\/media\/34870"}],"wp:attachment":[{"href":"http:\/\/shinyyoustationery.com\/fr\/wp-json\/wp\/v2\/media?parent=34869"}],"wp:term":[{"taxonomy":"product_brand","embeddable":true,"href":"http:\/\/shinyyoustationery.com\/fr\/wp-json\/wp\/v2\/product_brand?post=34869"},{"taxonomy":"product_cat","embeddable":true,"href":"http:\/\/shinyyoustationery.com\/fr\/wp-json\/wp\/v2\/product_cat?post=34869"},{"taxonomy":"product_tag","embeddable":true,"href":"http:\/\/shinyyoustationery.com\/fr\/wp-json\/wp\/v2\/product_tag?post=34869"}],"curies":[{"name":"wp","href":"https:\/\/api.w.org\/{rel}","templated":true}]}}