{"id":35313,"date":"2025-07-09T19:07:16","date_gmt":"2025-07-09T11:07:16","guid":{"rendered":"http:\/\/45.63.70.205\/?post_type=product&#038;p=35313"},"modified":"2025-07-09T19:08:37","modified_gmt":"2025-07-09T11:08:37","slug":"set-of-4-green-wooden-ruler-pencils-with-eraser-for-school-office","status":"publish","type":"product","link":"http:\/\/shinyyoustationery.com\/fr\/set-of-4-green-wooden-ruler-pencils-with-eraser-for-school-office\/","title":{"rendered":"Set de 4 crayons r\u00e8gle en bois vert avec gomme pour l'\u00e9cole et le bureau"},"content":{"rendered":"","protected":false},"excerpt":{"rendered":"<p>Chaque crayon est grav\u00e9 avec des rep\u00e8res de mesure clairs, ce qui permet de tracer facilement des lignes droites et de prendre des mesures pr\u00e9cises. La gomme int\u00e9gr\u00e9e au sommet vous permet de faire des corrections rapides, ce qui le rend parfait pour l'\u00e9criture et le dessin.<\/p>","protected":false},"featured_media":35314,"template":"","meta":[],"product_brand":[],"product_cat":[416,331,410,415],"product_tag":[],"class_list":{"0":"post-35313","1":"product","2":"type-product","3":"status-publish","4":"has-post-thumbnail","6":"product_cat-pencil","7":"product_cat-stationery-set","8":"product_cat-writing-instruments","9":"product_cat-pen","11":"first","12":"instock","13":"shipping-taxable","14":"product-type-simple"},"_links":{"self":[{"href":"http:\/\/shinyyoustationery.com\/fr\/wp-json\/wp\/v2\/product\/35313","targetHints":{"allow":["GET"]}}],"collection":[{"href":"http:\/\/shinyyoustationery.com\/fr\/wp-json\/wp\/v2\/product"}],"about":[{"href":"http:\/\/shinyyoustationery.com\/fr\/wp-json\/wp\/v2\/types\/product"}],"version-history":[{"count":0,"href":"http:\/\/shinyyoustationery.com\/fr\/wp-json\/wp\/v2\/product\/35313\/revisions"}],"wp:featuredmedia":[{"embeddable":true,"href":"http:\/\/shinyyoustationery.com\/fr\/wp-json\/wp\/v2\/media\/35314"}],"wp:attachment":[{"href":"http:\/\/shinyyoustationery.com\/fr\/wp-json\/wp\/v2\/media?parent=35313"}],"wp:term":[{"taxonomy":"product_brand","embeddable":true,"href":"http:\/\/shinyyoustationery.com\/fr\/wp-json\/wp\/v2\/product_brand?post=35313"},{"taxonomy":"product_cat","embeddable":true,"href":"http:\/\/shinyyoustationery.com\/fr\/wp-json\/wp\/v2\/product_cat?post=35313"},{"taxonomy":"product_tag","embeddable":true,"href":"http:\/\/shinyyoustationery.com\/fr\/wp-json\/wp\/v2\/product_tag?post=35313"}],"curies":[{"name":"wp","href":"https:\/\/api.w.org\/{rel}","templated":true}]}}