{"id":35323,"date":"2025-07-09T19:19:55","date_gmt":"2025-07-09T11:19:55","guid":{"rendered":"http:\/\/45.63.70.205\/?post_type=product&#038;p=35323"},"modified":"2025-07-09T19:22:43","modified_gmt":"2025-07-09T11:22:43","slug":"pack-of-12-bright-pink-pencils-with-erasers-for-school-office","status":"publish","type":"product","link":"http:\/\/shinyyoustationery.com\/fr\/pack-of-12-bright-pink-pencils-with-erasers-for-school-office\/","title":{"rendered":"Lot de 12 crayons rose vif avec gommes pour l'\u00e9cole et le bureau"},"content":{"rendered":"","protected":false},"excerpt":{"rendered":"<p>Ce lot de 12 crayons rose vif est parfait pour l'\u00e9cole et le bureau, apportant une touche vibrante \u00e0 votre collection de papeterie. Chaque crayon est fabriqu\u00e9 en bois de haute qualit\u00e9 et poss\u00e8de une mine HB lisse et facile \u00e0 \u00e9crire, ce qui le rend id\u00e9al pour l'\u00e9criture, le dessin et la prise de notes. Les gommes situ\u00e9es sur le dessus permettent d'effectuer des corrections rapides et efficaces, garantissant ainsi un espace de travail propre et bien rang\u00e9. Gr\u00e2ce \u00e0 leur couleur rose vif, ces crayons sont faciles \u00e0 rep\u00e9rer dans votre trousse, sur votre bureau ou dans votre salle de classe. Que vous soyez \u00e9tudiant, enseignant ou professionnel, ces crayons \u00e9l\u00e9gants sont \u00e0 la fois fonctionnels et \u00e9l\u00e9gants pour tous vos besoins d'\u00e9criture.<\/p>","protected":false},"featured_media":35324,"template":"","meta":[],"product_brand":[],"product_cat":[416,410,415,331],"product_tag":[],"class_list":{"0":"post-35323","1":"product","2":"type-product","3":"status-publish","4":"has-post-thumbnail","6":"product_cat-pencil","7":"product_cat-writing-instruments","8":"product_cat-pen","9":"product_cat-stationery-set","11":"first","12":"instock","13":"shipping-taxable","14":"product-type-simple"},"_links":{"self":[{"href":"http:\/\/shinyyoustationery.com\/fr\/wp-json\/wp\/v2\/product\/35323","targetHints":{"allow":["GET"]}}],"collection":[{"href":"http:\/\/shinyyoustationery.com\/fr\/wp-json\/wp\/v2\/product"}],"about":[{"href":"http:\/\/shinyyoustationery.com\/fr\/wp-json\/wp\/v2\/types\/product"}],"version-history":[{"count":0,"href":"http:\/\/shinyyoustationery.com\/fr\/wp-json\/wp\/v2\/product\/35323\/revisions"}],"wp:featuredmedia":[{"embeddable":true,"href":"http:\/\/shinyyoustationery.com\/fr\/wp-json\/wp\/v2\/media\/35324"}],"wp:attachment":[{"href":"http:\/\/shinyyoustationery.com\/fr\/wp-json\/wp\/v2\/media?parent=35323"}],"wp:term":[{"taxonomy":"product_brand","embeddable":true,"href":"http:\/\/shinyyoustationery.com\/fr\/wp-json\/wp\/v2\/product_brand?post=35323"},{"taxonomy":"product_cat","embeddable":true,"href":"http:\/\/shinyyoustationery.com\/fr\/wp-json\/wp\/v2\/product_cat?post=35323"},{"taxonomy":"product_tag","embeddable":true,"href":"http:\/\/shinyyoustationery.com\/fr\/wp-json\/wp\/v2\/product_tag?post=35323"}],"curies":[{"name":"wp","href":"https:\/\/api.w.org\/{rel}","templated":true}]}}