{"id":35326,"date":"2025-07-09T19:26:12","date_gmt":"2025-07-09T11:26:12","guid":{"rendered":"http:\/\/45.63.70.205\/?post_type=product&#038;p=35326"},"modified":"2025-07-09T19:27:50","modified_gmt":"2025-07-09T11:27:50","slug":"set-of-8-colorful-day-themed-pencils-with-erasers-for-school-office","status":"publish","type":"product","link":"http:\/\/shinyyoustationery.com\/fr\/set-of-8-colorful-day-themed-pencils-with-erasers-for-school-office\/","title":{"rendered":"Set de 8 crayons color\u00e9s avec gomme pour l'\u00e9cole et le bureau"},"content":{"rendered":"","protected":false},"excerpt":{"rendered":"<p>Cet ensemble vibrant de 8 crayons est con\u00e7u sur le th\u00e8me de la journ\u00e9e, avec des couleurs et des \u00e9tiquettes pour chaque jour de la semaine (du lundi au dimanche), ainsi qu'un crayon \"Me-Day\". L'ensemble comprend des crayons rouges, roses, jaunes, verts, bleus et blancs, chacun dot\u00e9 d'une gomme en haut pour faciliter les corrections. Fabriqu\u00e9s avec une mine HB de haute qualit\u00e9, ces crayons offrent une exp\u00e9rience d'\u00e9criture douce, ce qui les rend parfaits pour l'\u00e9cole et le bureau.<\/p>","protected":false},"featured_media":35327,"template":"","meta":[],"product_brand":[],"product_cat":[416,410,415,331],"product_tag":[],"class_list":{"0":"post-35326","1":"product","2":"type-product","3":"status-publish","4":"has-post-thumbnail","6":"product_cat-pencil","7":"product_cat-writing-instruments","8":"product_cat-pen","9":"product_cat-stationery-set","11":"first","12":"instock","13":"shipping-taxable","14":"product-type-simple"},"_links":{"self":[{"href":"http:\/\/shinyyoustationery.com\/fr\/wp-json\/wp\/v2\/product\/35326","targetHints":{"allow":["GET"]}}],"collection":[{"href":"http:\/\/shinyyoustationery.com\/fr\/wp-json\/wp\/v2\/product"}],"about":[{"href":"http:\/\/shinyyoustationery.com\/fr\/wp-json\/wp\/v2\/types\/product"}],"version-history":[{"count":0,"href":"http:\/\/shinyyoustationery.com\/fr\/wp-json\/wp\/v2\/product\/35326\/revisions"}],"wp:featuredmedia":[{"embeddable":true,"href":"http:\/\/shinyyoustationery.com\/fr\/wp-json\/wp\/v2\/media\/35327"}],"wp:attachment":[{"href":"http:\/\/shinyyoustationery.com\/fr\/wp-json\/wp\/v2\/media?parent=35326"}],"wp:term":[{"taxonomy":"product_brand","embeddable":true,"href":"http:\/\/shinyyoustationery.com\/fr\/wp-json\/wp\/v2\/product_brand?post=35326"},{"taxonomy":"product_cat","embeddable":true,"href":"http:\/\/shinyyoustationery.com\/fr\/wp-json\/wp\/v2\/product_cat?post=35326"},{"taxonomy":"product_tag","embeddable":true,"href":"http:\/\/shinyyoustationery.com\/fr\/wp-json\/wp\/v2\/product_tag?post=35326"}],"curies":[{"name":"wp","href":"https:\/\/api.w.org\/{rel}","templated":true}]}}