{"id":35331,"date":"2025-07-09T19:30:35","date_gmt":"2025-07-09T11:30:35","guid":{"rendered":"http:\/\/45.63.70.205\/?post_type=product&#038;p=35331"},"modified":"2025-07-09T19:50:16","modified_gmt":"2025-07-09T11:50:16","slug":"set-of-8-rainbow-holographic-pencils-with-erasers-vibrant-and-fun-for-school-office","status":"publish","type":"product","link":"http:\/\/shinyyoustationery.com\/fr\/set-of-8-rainbow-holographic-pencils-with-erasers-vibrant-and-fun-for-school-office\/","title":{"rendered":"Set de 8 crayons holographiques arc-en-ciel avec gommes - Vibrant et amusant pour l'\u00e9cole et le bureau"},"content":{"rendered":"","protected":false},"excerpt":{"rendered":"<p>Ajoutez une touche de couleur \u00e0 votre papeterie avec ce lot de 8 crayons holographiques arc-en-ciel. Chaque crayon pr\u00e9sente une finition holographique \u00e9tonnante et r\u00e9fl\u00e9chissante qui change \u00e0 la lumi\u00e8re, ce qui les rend aussi amusants \u00e0 regarder qu'\u00e0 utiliser. Dot\u00e9s d'une gomme pratique, ces crayons sont parfaits pour les corrections rapides, l'\u00e9criture et le dessin. Que vous les utilisiez \u00e0 l'\u00e9cole, au travail ou pour des projets cr\u00e9atifs, ces crayons vibrants apportent de l'animation \u00e0 votre bureau ou \u00e0 votre trousse.<\/p>","protected":false},"featured_media":35336,"template":"","meta":[],"product_brand":[],"product_cat":[416,331,410,415],"product_tag":[],"class_list":{"0":"post-35331","1":"product","2":"type-product","3":"status-publish","4":"has-post-thumbnail","6":"product_cat-pencil","7":"product_cat-stationery-set","8":"product_cat-writing-instruments","9":"product_cat-pen","11":"first","12":"instock","13":"shipping-taxable","14":"product-type-simple"},"_links":{"self":[{"href":"http:\/\/shinyyoustationery.com\/fr\/wp-json\/wp\/v2\/product\/35331","targetHints":{"allow":["GET"]}}],"collection":[{"href":"http:\/\/shinyyoustationery.com\/fr\/wp-json\/wp\/v2\/product"}],"about":[{"href":"http:\/\/shinyyoustationery.com\/fr\/wp-json\/wp\/v2\/types\/product"}],"version-history":[{"count":0,"href":"http:\/\/shinyyoustationery.com\/fr\/wp-json\/wp\/v2\/product\/35331\/revisions"}],"wp:featuredmedia":[{"embeddable":true,"href":"http:\/\/shinyyoustationery.com\/fr\/wp-json\/wp\/v2\/media\/35336"}],"wp:attachment":[{"href":"http:\/\/shinyyoustationery.com\/fr\/wp-json\/wp\/v2\/media?parent=35331"}],"wp:term":[{"taxonomy":"product_brand","embeddable":true,"href":"http:\/\/shinyyoustationery.com\/fr\/wp-json\/wp\/v2\/product_brand?post=35331"},{"taxonomy":"product_cat","embeddable":true,"href":"http:\/\/shinyyoustationery.com\/fr\/wp-json\/wp\/v2\/product_cat?post=35331"},{"taxonomy":"product_tag","embeddable":true,"href":"http:\/\/shinyyoustationery.com\/fr\/wp-json\/wp\/v2\/product_tag?post=35331"}],"curies":[{"name":"wp","href":"https:\/\/api.w.org\/{rel}","templated":true}]}}