{"id":35339,"date":"2025-07-09T19:53:02","date_gmt":"2025-07-09T11:53:02","guid":{"rendered":"http:\/\/45.63.70.205\/?post_type=product&#038;p=35339"},"modified":"2025-07-09T19:55:37","modified_gmt":"2025-07-09T11:55:37","slug":"set-of-6-chunky-colouring-pencils-bright-colors-for-kids-and-creative-projects","status":"publish","type":"product","link":"http:\/\/shinyyoustationery.com\/fr\/set-of-6-chunky-colouring-pencils-bright-colors-for-kids-and-creative-projects\/","title":{"rendered":"Set de 6 crayons de couleur - Couleurs vives pour les enfants et les projets cr\u00e9atifs"},"content":{"rendered":"","protected":false},"excerpt":{"rendered":"<p>Ce set de 6 crayons de couleur \u00e9pais est parfait pour les enfants, les artistes et tous ceux qui souhaitent ajouter des couleurs vives \u00e0 leurs cr\u00e9ations. Avec des couleurs vives et audacieuses telles que le rouge, l'orange, le jaune, le vert, le bleu et le noir, ces crayons sont id\u00e9aux pour le dessin, le coloriage et le croquis. Le design \u00e9pais est facile \u00e0 saisir pour les petites mains, ce qui les rend parfaits pour les enfants ou les d\u00e9butants. Que vous cr\u00e9iez une \u0153uvre d'art, coloriez un livre ou travailliez sur un projet cr\u00e9atif, ces crayons durables offrent des couleurs riches et lisses qui donnent vie \u00e0 n'importe quel dessin. Ils sont parfaits pour les salles de classe, les projets personnels ou comme cadeau amusant pour les jeunes artistes !<\/p>","protected":false},"featured_media":35340,"template":"","meta":[],"product_brand":[],"product_cat":[416,415,331,410],"product_tag":[],"class_list":{"0":"post-35339","1":"product","2":"type-product","3":"status-publish","4":"has-post-thumbnail","6":"product_cat-pencil","7":"product_cat-pen","8":"product_cat-stationery-set","9":"product_cat-writing-instruments","11":"first","12":"instock","13":"shipping-taxable","14":"product-type-simple"},"_links":{"self":[{"href":"http:\/\/shinyyoustationery.com\/fr\/wp-json\/wp\/v2\/product\/35339","targetHints":{"allow":["GET"]}}],"collection":[{"href":"http:\/\/shinyyoustationery.com\/fr\/wp-json\/wp\/v2\/product"}],"about":[{"href":"http:\/\/shinyyoustationery.com\/fr\/wp-json\/wp\/v2\/types\/product"}],"version-history":[{"count":0,"href":"http:\/\/shinyyoustationery.com\/fr\/wp-json\/wp\/v2\/product\/35339\/revisions"}],"wp:featuredmedia":[{"embeddable":true,"href":"http:\/\/shinyyoustationery.com\/fr\/wp-json\/wp\/v2\/media\/35340"}],"wp:attachment":[{"href":"http:\/\/shinyyoustationery.com\/fr\/wp-json\/wp\/v2\/media?parent=35339"}],"wp:term":[{"taxonomy":"product_brand","embeddable":true,"href":"http:\/\/shinyyoustationery.com\/fr\/wp-json\/wp\/v2\/product_brand?post=35339"},{"taxonomy":"product_cat","embeddable":true,"href":"http:\/\/shinyyoustationery.com\/fr\/wp-json\/wp\/v2\/product_cat?post=35339"},{"taxonomy":"product_tag","embeddable":true,"href":"http:\/\/shinyyoustationery.com\/fr\/wp-json\/wp\/v2\/product_tag?post=35339"}],"curies":[{"name":"wp","href":"https:\/\/api.w.org\/{rel}","templated":true}]}}