{"id":35342,"date":"2025-07-09T19:56:00","date_gmt":"2025-07-09T11:56:00","guid":{"rendered":"http:\/\/45.63.70.205\/?post_type=product&#038;p=35342"},"modified":"2025-07-09T20:00:25","modified_gmt":"2025-07-09T12:00:25","slug":"set-of-10-pastel-colouring-pencils-soft-and-vibrant-for-creative-projects-and-artwork","status":"publish","type":"product","link":"http:\/\/shinyyoustationery.com\/fr\/set-of-10-pastel-colouring-pencils-soft-and-vibrant-for-creative-projects-and-artwork\/","title":{"rendered":"Set de 10 crayons de couleur pastel - doux et vibrants pour les projets cr\u00e9atifs et les \u0153uvres d'art"},"content":{"rendered":"","protected":false},"excerpt":{"rendered":"<p>Ce set de 10 crayons de couleur pastel offre une gamme de couleurs douces et vibrantes, parfaites pour tous vos besoins artistiques. Avec des nuances de rose, de lavande, de jaune, de vert, de bleu et d'orange, ces crayons sont id\u00e9aux pour le coloriage, le croquis et les projets cr\u00e9atifs. Le pigment riche et lisse glisse sans effort sur le papier, cr\u00e9ant une couverture magnifique et uniforme. Que vous travailliez sur un projet scolaire, griffonniez ou cr\u00e9iez des \u0153uvres d'art d\u00e9taill\u00e9es, ces crayons pastel ajoutent une touche douce et harmonieuse \u00e0 vos cr\u00e9ations. Parfaits pour les artistes de tous \u00e2ges, ces crayons conviennent aussi bien aux d\u00e9butants qu'aux professionnels.<\/p>","protected":false},"featured_media":35343,"template":"","meta":[],"product_brand":[],"product_cat":[416,331,410,415],"product_tag":[],"class_list":{"0":"post-35342","1":"product","2":"type-product","3":"status-publish","4":"has-post-thumbnail","6":"product_cat-pencil","7":"product_cat-stationery-set","8":"product_cat-writing-instruments","9":"product_cat-pen","11":"first","12":"instock","13":"shipping-taxable","14":"product-type-simple"},"_links":{"self":[{"href":"http:\/\/shinyyoustationery.com\/fr\/wp-json\/wp\/v2\/product\/35342","targetHints":{"allow":["GET"]}}],"collection":[{"href":"http:\/\/shinyyoustationery.com\/fr\/wp-json\/wp\/v2\/product"}],"about":[{"href":"http:\/\/shinyyoustationery.com\/fr\/wp-json\/wp\/v2\/types\/product"}],"version-history":[{"count":0,"href":"http:\/\/shinyyoustationery.com\/fr\/wp-json\/wp\/v2\/product\/35342\/revisions"}],"wp:featuredmedia":[{"embeddable":true,"href":"http:\/\/shinyyoustationery.com\/fr\/wp-json\/wp\/v2\/media\/35343"}],"wp:attachment":[{"href":"http:\/\/shinyyoustationery.com\/fr\/wp-json\/wp\/v2\/media?parent=35342"}],"wp:term":[{"taxonomy":"product_brand","embeddable":true,"href":"http:\/\/shinyyoustationery.com\/fr\/wp-json\/wp\/v2\/product_brand?post=35342"},{"taxonomy":"product_cat","embeddable":true,"href":"http:\/\/shinyyoustationery.com\/fr\/wp-json\/wp\/v2\/product_cat?post=35342"},{"taxonomy":"product_tag","embeddable":true,"href":"http:\/\/shinyyoustationery.com\/fr\/wp-json\/wp\/v2\/product_tag?post=35342"}],"curies":[{"name":"wp","href":"https:\/\/api.w.org\/{rel}","templated":true}]}}