{"id":35345,"date":"2025-07-09T20:00:48","date_gmt":"2025-07-09T12:00:48","guid":{"rendered":"http:\/\/45.63.70.205\/?post_type=product&#038;p=35345"},"modified":"2025-07-09T20:03:42","modified_gmt":"2025-07-09T12:03:42","slug":"set-of-8-elegant-colored-pencils-earthy-tones-and-blues-for-school-office","status":"publish","type":"product","link":"http:\/\/shinyyoustationery.com\/fr\/set-of-8-elegant-colored-pencils-earthy-tones-and-blues-for-school-office\/","title":{"rendered":"Set de 8 crayons de couleur \u00e9l\u00e9gants - tons terreux et bleus pour l'\u00e9cole et le bureau"},"content":{"rendered":"","protected":false},"excerpt":{"rendered":"<p>Cet ensemble de 8 \u00e9l\u00e9gants crayons de couleur pr\u00e9sente un magnifique m\u00e9lange de tons de terre et de bleus, dont un brun riche, un rose tendre, un bleu vibrant et un bleu marine profond. Parfaits pour l'\u00e9cole, le bureau ou les projets cr\u00e9atifs, ces crayons permettent d'\u00e9crire et de dessiner en douceur. Le bois de haute qualit\u00e9 garantit la durabilit\u00e9, tandis que les gommes situ\u00e9es sur le dessus facilitent les corrections.<\/p>","protected":false},"featured_media":35346,"template":"","meta":[],"product_brand":[],"product_cat":[416,415,331,410],"product_tag":[],"class_list":{"0":"post-35345","1":"product","2":"type-product","3":"status-publish","4":"has-post-thumbnail","6":"product_cat-pencil","7":"product_cat-pen","8":"product_cat-stationery-set","9":"product_cat-writing-instruments","11":"first","12":"instock","13":"shipping-taxable","14":"product-type-simple"},"_links":{"self":[{"href":"http:\/\/shinyyoustationery.com\/fr\/wp-json\/wp\/v2\/product\/35345","targetHints":{"allow":["GET"]}}],"collection":[{"href":"http:\/\/shinyyoustationery.com\/fr\/wp-json\/wp\/v2\/product"}],"about":[{"href":"http:\/\/shinyyoustationery.com\/fr\/wp-json\/wp\/v2\/types\/product"}],"version-history":[{"count":0,"href":"http:\/\/shinyyoustationery.com\/fr\/wp-json\/wp\/v2\/product\/35345\/revisions"}],"wp:featuredmedia":[{"embeddable":true,"href":"http:\/\/shinyyoustationery.com\/fr\/wp-json\/wp\/v2\/media\/35346"}],"wp:attachment":[{"href":"http:\/\/shinyyoustationery.com\/fr\/wp-json\/wp\/v2\/media?parent=35345"}],"wp:term":[{"taxonomy":"product_brand","embeddable":true,"href":"http:\/\/shinyyoustationery.com\/fr\/wp-json\/wp\/v2\/product_brand?post=35345"},{"taxonomy":"product_cat","embeddable":true,"href":"http:\/\/shinyyoustationery.com\/fr\/wp-json\/wp\/v2\/product_cat?post=35345"},{"taxonomy":"product_tag","embeddable":true,"href":"http:\/\/shinyyoustationery.com\/fr\/wp-json\/wp\/v2\/product_tag?post=35345"}],"curies":[{"name":"wp","href":"https:\/\/api.w.org\/{rel}","templated":true}]}}