{"id":35552,"date":"2025-07-14T04:17:04","date_gmt":"2025-07-14T12:17:04","guid":{"rendered":"http:\/\/45.63.70.205\/?post_type=product&#038;p=35552"},"modified":"2025-07-14T04:23:21","modified_gmt":"2025-07-14T12:23:21","slug":"purple-a4-ring-binder-for-school-office","status":"publish","type":"product","link":"http:\/\/shinyyoustationery.com\/fr\/purple-a4-ring-binder-for-school-office\/","title":{"rendered":"Classeur \u00e0 anneaux A4 violet pour l'\u00e9cole et le bureau"},"content":{"rendered":"","protected":false},"excerpt":{"rendered":"<p>Illuminez votre espace de travail avec le classeur \u00e0 anneaux A4 Shiny You Sparkle Dreams Purple. Orn\u00e9 de licornes enjou\u00e9es, d'arcs-en-ciel vibrants et de messages positifs tels que \"Dream\", \"Sparkle\" et \"Believe\", ce classeur est le choix id\u00e9al pour les \u00e9tudiants, les enseignants et tous ceux qui cherchent \u00e0 ajouter un peu de fantaisie \u00e0 leur organisation. Fabriqu\u00e9 avec des mat\u00e9riaux durables, il est parfait pour garder vos documents en s\u00e9curit\u00e9 et ajouter une touche de fantaisie \u00e0 votre bureau ou \u00e0 votre espace d'\u00e9tude.<\/p>","protected":false},"featured_media":35553,"template":"","meta":[],"product_brand":[],"product_cat":[413],"product_tag":[],"class_list":{"0":"post-35552","1":"product","2":"type-product","3":"status-publish","4":"has-post-thumbnail","6":"product_cat-ring-binder","8":"first","9":"instock","10":"shipping-taxable","11":"product-type-simple"},"_links":{"self":[{"href":"http:\/\/shinyyoustationery.com\/fr\/wp-json\/wp\/v2\/product\/35552","targetHints":{"allow":["GET"]}}],"collection":[{"href":"http:\/\/shinyyoustationery.com\/fr\/wp-json\/wp\/v2\/product"}],"about":[{"href":"http:\/\/shinyyoustationery.com\/fr\/wp-json\/wp\/v2\/types\/product"}],"version-history":[{"count":0,"href":"http:\/\/shinyyoustationery.com\/fr\/wp-json\/wp\/v2\/product\/35552\/revisions"}],"wp:featuredmedia":[{"embeddable":true,"href":"http:\/\/shinyyoustationery.com\/fr\/wp-json\/wp\/v2\/media\/35553"}],"wp:attachment":[{"href":"http:\/\/shinyyoustationery.com\/fr\/wp-json\/wp\/v2\/media?parent=35552"}],"wp:term":[{"taxonomy":"product_brand","embeddable":true,"href":"http:\/\/shinyyoustationery.com\/fr\/wp-json\/wp\/v2\/product_brand?post=35552"},{"taxonomy":"product_cat","embeddable":true,"href":"http:\/\/shinyyoustationery.com\/fr\/wp-json\/wp\/v2\/product_cat?post=35552"},{"taxonomy":"product_tag","embeddable":true,"href":"http:\/\/shinyyoustationery.com\/fr\/wp-json\/wp\/v2\/product_tag?post=35552"}],"curies":[{"name":"wp","href":"https:\/\/api.w.org\/{rel}","templated":true}]}}