{"id":35944,"date":"2025-07-29T00:34:42","date_gmt":"2025-07-29T08:34:42","guid":{"rendered":"http:\/\/45.63.70.205\/?post_type=product&#038;p=35944"},"modified":"2026-02-05T20:52:40","modified_gmt":"2026-02-05T12:52:40","slug":"wholesale-custom-reusable-water-coloring-painting-book-for-kids-with-doodle-pen","status":"publish","type":"product","link":"http:\/\/shinyyoustationery.com\/fr\/wholesale-custom-reusable-water-coloring-painting-book-for-kids-with-doodle-pen\/","title":{"rendered":"Wholesale Custom Reusable Water Coloring Book for Kids with Doodle Pen (Livre de peinture \u00e0 l'eau r\u00e9utilisable pour enfants avec stylo \u00e0 gribouiller)"},"content":{"rendered":"<p data-start=\"87\" data-end=\"337\">Unleash your child\u2019s creativity with our <strong data-start=\"128\" data-end=\"195\">Wholesale Custom Reusable Water Coloring Painting Book for Kids<\/strong>! This innovative workbook comes with a <strong data-start=\"235\" data-end=\"249\">doodle pen<\/strong> and reusable water pages, making it a fun, mess-free way for children to explore art.<\/p>\n<ul data-start=\"339\" data-end=\"973\">\n<li data-start=\"339\" data-end=\"484\">\n<p data-start=\"341\" data-end=\"484\"><strong data-start=\"341\" data-end=\"369\">Reusable &amp; Eco-Friendly:<\/strong> Simply use water with the included doodle pen \u2013 colors appear magically and fade when dry, ready to paint again.<\/p>\n<\/li>\n<li data-start=\"485\" data-end=\"630\">\n<p data-start=\"487\" data-end=\"630\"><strong data-start=\"487\" data-end=\"506\">All-in-One Fun:<\/strong> Caract\u00e9ristiques <strong data-start=\"516\" data-end=\"560\">fun illustrations and drawing activities<\/strong> designed for kids to practice creativity and hand-eye coordination.<\/p>\n<\/li>\n<li data-start=\"631\" data-end=\"730\">\n<p data-start=\"633\" data-end=\"730\"><strong data-start=\"633\" data-end=\"659\">Safe &amp; Child-Friendly:<\/strong> Made from <strong data-start=\"670\" data-end=\"702\">non-toxic, durable materials<\/strong> perfect for repeated use.<\/p>\n<\/li>\n<li data-start=\"731\" data-end=\"842\">\n<p data-start=\"733\" data-end=\"842\"><strong data-start=\"733\" data-end=\"758\">Portable &amp; Mess-Free:<\/strong> Great for home, travel, or classroom use without worrying about spills or stains.<\/p>\n<\/li>\n<li data-start=\"843\" data-end=\"973\">\n<p data-start=\"845\" data-end=\"973\"><strong data-start=\"845\" data-end=\"876\">Customizable for Wholesale:<\/strong> Id\u00e9al pour <strong data-start=\"887\" data-end=\"932\">educational stores, schools, or retailers<\/strong> looking to offer branded art supplies.<\/p>\n<\/li>\n<\/ul>\n<p data-start=\"975\" data-end=\"1137\">Keep kids entertained while helping them <strong data-start=\"1016\" data-end=\"1074\">learn, practice drawing, and develop fine motor skills<\/strong> with a fun, reusable, and eco-conscious coloring experience!<\/p>","protected":false},"excerpt":{"rendered":"<ul>\n<li><strong>Kit complet de dessin \/ coloriage<\/strong> - Livre de couleurs avec Doddle Sketch Pen et des images aux couleurs vives<\/li>\n<li><strong>Utilisable \u00e0 l'infini<\/strong> - Livres de coloriage \u00e0 l'eau r\u00e9utilisables pour les enfants<\/li>\n<li><strong>Livre de peinture avec des images esquiss\u00e9es<\/strong> - Comprend 8 pages - 4 pages \u00e0 colorier et 4 pages d'activit\u00e9s.<\/li>\n<li><strong>Apprendre en jouant<\/strong> - Des couleurs vives pour que les enfants puissent dessiner tout en apprenant \u00e0 conna\u00eetre une s\u00e9rie d'animaux et de couleurs mignons. Apprendre tout en jouant et en s'amusant, cultiver l'int\u00e9r\u00eat des enfants pour l'apprentissage et leur permettre d'explorer le monde.<\/li>\n<li><strong>D\u00e9veloppement pr\u00e9coce pour les enfants de plus de 2 ans<\/strong> - Un livre parfait pour les enfants qui commencent \u00e0 apprendre \u00e0 lire et \u00e0 \u00e9crire.<\/li>\n<li><strong>Comment cela fonctionne-t-il ?<\/strong> - Ajouter de l'eau au doddle pen, colorer la page \u00e0 l'aide du magic pen, la zone color\u00e9e s'estompe progressivement au bout de 5 \u00e0 10 minutes \u00e0 mesure que les zones color\u00e9es s\u00e8chent, et les pages peuvent \u00eatre color\u00e9es \u00e0 nouveau.<\/li>\n<\/ul>","protected":false},"featured_media":35949,"template":"","meta":[],"product_brand":[],"product_cat":[728,702],"product_tag":[],"class_list":{"0":"post-35944","1":"product","2":"type-product","3":"status-publish","4":"has-post-thumbnail","6":"product_cat-colouring-book","7":"product_cat-arts-crafts-collection","9":"first","10":"instock","11":"shipping-taxable","12":"product-type-simple"},"_links":{"self":[{"href":"http:\/\/shinyyoustationery.com\/fr\/wp-json\/wp\/v2\/product\/35944","targetHints":{"allow":["GET"]}}],"collection":[{"href":"http:\/\/shinyyoustationery.com\/fr\/wp-json\/wp\/v2\/product"}],"about":[{"href":"http:\/\/shinyyoustationery.com\/fr\/wp-json\/wp\/v2\/types\/product"}],"version-history":[{"count":0,"href":"http:\/\/shinyyoustationery.com\/fr\/wp-json\/wp\/v2\/product\/35944\/revisions"}],"wp:featuredmedia":[{"embeddable":true,"href":"http:\/\/shinyyoustationery.com\/fr\/wp-json\/wp\/v2\/media\/35949"}],"wp:attachment":[{"href":"http:\/\/shinyyoustationery.com\/fr\/wp-json\/wp\/v2\/media?parent=35944"}],"wp:term":[{"taxonomy":"product_brand","embeddable":true,"href":"http:\/\/shinyyoustationery.com\/fr\/wp-json\/wp\/v2\/product_brand?post=35944"},{"taxonomy":"product_cat","embeddable":true,"href":"http:\/\/shinyyoustationery.com\/fr\/wp-json\/wp\/v2\/product_cat?post=35944"},{"taxonomy":"product_tag","embeddable":true,"href":"http:\/\/shinyyoustationery.com\/fr\/wp-json\/wp\/v2\/product_tag?post=35944"}],"curies":[{"name":"wp","href":"https:\/\/api.w.org\/{rel}","templated":true}]}}