{"id":35946,"date":"2025-07-29T00:24:52","date_gmt":"2025-07-29T08:24:52","guid":{"rendered":"http:\/\/45.63.70.205\/?post_type=product&#038;p=35946"},"modified":"2025-07-29T00:57:59","modified_gmt":"2025-07-29T08:57:59","slug":"wholesale-custom-reusable-magic-water-books-for-kids-with-doodle-pen-board","status":"publish","type":"product","link":"http:\/\/shinyyoustationery.com\/fr\/wholesale-custom-reusable-magic-water-books-for-kids-with-doodle-pen-board\/","title":{"rendered":"Livres d'eau magique r\u00e9utilisables pour enfants avec stylo \u00e0 gribouiller"},"content":{"rendered":"<p>Des livres de coloriage \u00e0 l'eau uniques ? Ce nouveau livre de coloriage r\u00e9utilisable pour enfants comprend plusieurs dessins humoristiques et \u00e9ducatifs. La taille parfaite pour mettre dans le bagage \u00e0 main de votre enfant et l'accompagner dans tous ses d\u00e9placements.<br \/>\nMat\u00e9riau non toxique ? Le rev\u00eatement de notre livre magique est fait de mat\u00e9riaux r\u00e9utilisables s\u00fbrs et respectueux de l'environnement. Les cr\u00e9ations des enfants ne sont donc pas limit\u00e9es \u00e0 l'encre et \u00e0 la peinture, il suffit de remplir le stylo avec de l'eau pour commencer des heures d'amusement cr\u00e9atif. En tant que maman, vous n'avez plus \u00e0 vous inqui\u00e9ter de voir votre enfant mettre de la peinture partout lorsqu'il dessine.<\/p>\n<ul>\n<li><strong>Un design sans faille :<\/strong> Les crayons d'aquarelle sont sp\u00e9cialement con\u00e7us pour ne pas couler ou se renverser, ce qui permet de garder les petites mains et les espaces de travail propres.<\/li>\n<li><strong>Apprendre en jouant ?<\/strong> Les livres de dessin \u00e0 l'eau pr\u00e9sentent des motifs clairs et vari\u00e9s et des couleurs vives, de sorte que les enfants peuvent dessiner tout en apprenant \u00e0 conna\u00eetre une s\u00e9rie d'animaux mignons et de couleurs, en apprenant tout en jouant et en s'amusant, en cultivant l'int\u00e9r\u00eat des enfants pour l'apprentissage et en jetant un pont pour leur permettre d'explorer le monde.<\/li>\n<li><strong>Cadeaux populaires et cr\u00e9atifs :<\/strong> Avec un nombre suffisant d'emballages, les gar\u00e7ons et les filles peuvent tous les deux utiliser les styles, les couleurs vives, la m\u00e9thode d'utilisation pratique et le design unique r\u00e9utilisable et propre, le livre d'eau est parfait pour un cadeau.<\/li>\n<li><strong>Cadeau d'anniversaire cr\u00e9atif pour les enfants :<\/strong> Ce livre de coloriage \u00e0 l'eau comme cadeau d'anniversaire pour enfants en vrac peut \u00eatre utilis\u00e9 non seulement comme un jouet, mais aussi pour d\u00e9velopper les capacit\u00e9s de manipulation, d'imagination et de cr\u00e9ation des enfants. Le livre de coloriage \u00e0 l'eau pour enfants peut \u00eatre combin\u00e9 en une vari\u00e9t\u00e9 de formes. Les enfants adorent ce cadeau d'anniversaire et s'amusent \u00e0 dessiner dans ces feuilles color\u00e9es lorsqu'ils re\u00e7oivent ce cadeau d'anniversaire pour enfants.<\/li>\n<\/ul>","protected":false},"excerpt":{"rendered":"<p>Unique Water Coloring Books? This newly designed Reusable water coloring books for kids includes multi cartoon and educational designs. The<\/p>","protected":false},"featured_media":35968,"template":"","meta":[],"product_brand":[],"product_cat":[728,702],"product_tag":[],"class_list":{"0":"post-35946","1":"product","2":"type-product","3":"status-publish","4":"has-post-thumbnail","6":"product_cat-colouring-book","7":"product_cat-arts-crafts-collection","9":"first","10":"instock","11":"shipping-taxable","12":"product-type-simple"},"_links":{"self":[{"href":"http:\/\/shinyyoustationery.com\/fr\/wp-json\/wp\/v2\/product\/35946","targetHints":{"allow":["GET"]}}],"collection":[{"href":"http:\/\/shinyyoustationery.com\/fr\/wp-json\/wp\/v2\/product"}],"about":[{"href":"http:\/\/shinyyoustationery.com\/fr\/wp-json\/wp\/v2\/types\/product"}],"version-history":[{"count":0,"href":"http:\/\/shinyyoustationery.com\/fr\/wp-json\/wp\/v2\/product\/35946\/revisions"}],"wp:featuredmedia":[{"embeddable":true,"href":"http:\/\/shinyyoustationery.com\/fr\/wp-json\/wp\/v2\/media\/35968"}],"wp:attachment":[{"href":"http:\/\/shinyyoustationery.com\/fr\/wp-json\/wp\/v2\/media?parent=35946"}],"wp:term":[{"taxonomy":"product_brand","embeddable":true,"href":"http:\/\/shinyyoustationery.com\/fr\/wp-json\/wp\/v2\/product_brand?post=35946"},{"taxonomy":"product_cat","embeddable":true,"href":"http:\/\/shinyyoustationery.com\/fr\/wp-json\/wp\/v2\/product_cat?post=35946"},{"taxonomy":"product_tag","embeddable":true,"href":"http:\/\/shinyyoustationery.com\/fr\/wp-json\/wp\/v2\/product_tag?post=35946"}],"curies":[{"name":"wp","href":"https:\/\/api.w.org\/{rel}","templated":true}]}}