{"id":29831,"date":"2025-05-20T21:28:58","date_gmt":"2025-05-21T05:28:58","guid":{"rendered":"http:\/\/45.63.70.205\/?post_type=product&#038;p=29831"},"modified":"2025-06-20T01:47:57","modified_gmt":"2025-06-20T09:47:57","slug":"wholesale-custom-green-solar-powered-calculator-with-large-display","status":"publish","type":"product","link":"http:\/\/shinyyoustationery.com\/it\/wholesale-custom-green-solar-powered-calculator-with-large-display\/","title":{"rendered":"all'ingrosso Calcolatrice verde alimentata ad energia solare con ampio display"},"content":{"rendered":"","protected":false},"excerpt":{"rendered":"<p>Questa calcolatrice ecologica a energia solare \u00e8 dotata di pulsanti grandi e facili da premere e di un display chiaro. Compatta e pratica, \u00e8 perfetta per l'uso quotidiano a casa o in ufficio, in quanto elimina la necessit\u00e0 di batterie e garantisce una funzionalit\u00e0 affidabile.<\/p>","protected":false},"featured_media":32916,"template":"","meta":[],"product_brand":[],"product_cat":[333,397,426,681],"product_tag":[],"class_list":{"0":"post-29831","1":"product","2":"type-product","3":"status-publish","4":"has-post-thumbnail","6":"product_cat-office-stationery","7":"product_cat-basic-office-stationery","8":"product_cat-calculator","9":"product_cat-green-collection","11":"first","12":"instock","13":"shipping-taxable","14":"product-type-simple"},"_links":{"self":[{"href":"http:\/\/shinyyoustationery.com\/it\/wp-json\/wp\/v2\/product\/29831","targetHints":{"allow":["GET"]}}],"collection":[{"href":"http:\/\/shinyyoustationery.com\/it\/wp-json\/wp\/v2\/product"}],"about":[{"href":"http:\/\/shinyyoustationery.com\/it\/wp-json\/wp\/v2\/types\/product"}],"version-history":[{"count":0,"href":"http:\/\/shinyyoustationery.com\/it\/wp-json\/wp\/v2\/product\/29831\/revisions"}],"wp:featuredmedia":[{"embeddable":true,"href":"http:\/\/shinyyoustationery.com\/it\/wp-json\/wp\/v2\/media\/32916"}],"wp:attachment":[{"href":"http:\/\/shinyyoustationery.com\/it\/wp-json\/wp\/v2\/media?parent=29831"}],"wp:term":[{"taxonomy":"product_brand","embeddable":true,"href":"http:\/\/shinyyoustationery.com\/it\/wp-json\/wp\/v2\/product_brand?post=29831"},{"taxonomy":"product_cat","embeddable":true,"href":"http:\/\/shinyyoustationery.com\/it\/wp-json\/wp\/v2\/product_cat?post=29831"},{"taxonomy":"product_tag","embeddable":true,"href":"http:\/\/shinyyoustationery.com\/it\/wp-json\/wp\/v2\/product_tag?post=29831"}],"curies":[{"name":"wp","href":"https:\/\/api.w.org\/{rel}","templated":true}]}}