{"id":33207,"date":"2025-06-23T18:22:39","date_gmt":"2025-06-24T02:22:39","guid":{"rendered":"http:\/\/45.63.70.205\/?post_type=product&#038;p=33207"},"modified":"2025-06-23T18:22:39","modified_gmt":"2025-06-24T02:22:39","slug":"wholesale-custom-a5-spiral-notebook-bright-lemon-pattern-for-school-office","status":"publish","type":"product","link":"http:\/\/shinyyoustationery.com\/it\/wholesale-custom-a5-spiral-notebook-bright-lemon-pattern-for-school-office\/","title":{"rendered":"all'ingrosso Taccuino a spirale personalizzato A5 con motivo a limone luminoso per la scuola e l'ufficio"},"content":{"rendered":"","protected":false},"excerpt":{"rendered":"<p>Aggiungete un tocco di colore ai vostri appunti con questo quaderno a spirale A5 che presenta un audace e giocoso motivo a limone su un fresco sfondo blu. Il design vivace lo rende perfetto per annotare idee, prendere appunti o pianificare attivit\u00e0 a scuola, al lavoro o a casa. Grazie alla robusta rilegatura a spirale e al design divertente, questo quaderno \u00e8 un ottimo compagno per qualsiasi attivit\u00e0 creativa o organizzativa.<\/p>","protected":false},"featured_media":33208,"template":"","meta":[],"product_brand":[],"product_cat":[682,493],"product_tag":[],"class_list":{"0":"post-33207","1":"product","2":"type-product","3":"status-publish","4":"has-post-thumbnail","6":"product_cat-lemon-collection","7":"product_cat-spiral-notebook","9":"first","10":"instock","11":"shipping-taxable","12":"product-type-simple"},"_links":{"self":[{"href":"http:\/\/shinyyoustationery.com\/it\/wp-json\/wp\/v2\/product\/33207","targetHints":{"allow":["GET"]}}],"collection":[{"href":"http:\/\/shinyyoustationery.com\/it\/wp-json\/wp\/v2\/product"}],"about":[{"href":"http:\/\/shinyyoustationery.com\/it\/wp-json\/wp\/v2\/types\/product"}],"version-history":[{"count":0,"href":"http:\/\/shinyyoustationery.com\/it\/wp-json\/wp\/v2\/product\/33207\/revisions"}],"wp:featuredmedia":[{"embeddable":true,"href":"http:\/\/shinyyoustationery.com\/it\/wp-json\/wp\/v2\/media\/33208"}],"wp:attachment":[{"href":"http:\/\/shinyyoustationery.com\/it\/wp-json\/wp\/v2\/media?parent=33207"}],"wp:term":[{"taxonomy":"product_brand","embeddable":true,"href":"http:\/\/shinyyoustationery.com\/it\/wp-json\/wp\/v2\/product_brand?post=33207"},{"taxonomy":"product_cat","embeddable":true,"href":"http:\/\/shinyyoustationery.com\/it\/wp-json\/wp\/v2\/product_cat?post=33207"},{"taxonomy":"product_tag","embeddable":true,"href":"http:\/\/shinyyoustationery.com\/it\/wp-json\/wp\/v2\/product_tag?post=33207"}],"curies":[{"name":"wp","href":"https:\/\/api.w.org\/{rel}","templated":true}]}}